{"id":1120,"date":"2023-05-24T08:53:37","date_gmt":"2023-05-24T08:53:37","guid":{"rendered":"https:\/\/cozystay.loftocean.com\/apartment\/?page_id=1120"},"modified":"2025-03-24T00:34:08","modified_gmt":"2025-03-23T21:34:08","slug":"aile","status":"publish","type":"page","link":"https:\/\/arazotel.com.tr\/index.php\/aile\/","title":{"rendered":"Aile Odas\u0131"},"content":{"rendered":"\t\t<div data-elementor-type=\"wp-page\" data-elementor-id=\"1120\" class=\"elementor elementor-1120\">\n\t\t\t\t\t\t<section class=\"elementor-section elementor-top-section elementor-element elementor-element-6a31405 elementor-section-height-min-height cs-section-content-fullwidth cs-parallax-on-scroll cs_scroll_y_100 elementor-section-boxed elementor-section-height-default elementor-section-items-middle\" data-id=\"6a31405\" data-element_type=\"section\" data-e-type=\"section\" data-settings=\"{&quot;background_background&quot;:&quot;classic&quot;}\" data-cs-parallax-y=\"100\" style=\"background-image: none;\" data-cs-background-image=\"https:\/\/arazotel.com.tr\/wp-content\/uploads\/2025\/03\/exterior-view.jpg\">\n\t\t\t\t\t\t\t<div class=\"elementor-background-overlay\"><\/div>\n\t\t\t\t\t\t\t<div class=\"elementor-container elementor-column-gap-no\">\n\t\t\t\t\t<div class=\"elementor-column elementor-col-100 elementor-top-column elementor-element elementor-element-96499f7 dark-color\" data-id=\"96499f7\" data-element_type=\"column\" data-e-type=\"column\">\n\t\t\t<div class=\"elementor-widget-wrap elementor-element-populated\">\n\t\t\t\t\t\t<div class=\"elementor-element elementor-element-c975be6 elementor-widget elementor-widget-cs_title\" data-id=\"c975be6\" data-element_type=\"widget\" data-e-type=\"widget\" data-widget_type=\"cs_title.default\">\n\t\t\t\t<div class=\"elementor-widget-container\">\n\t\t\t\t\t\n        <div class=\"cs-title-wrap text-center\">\t            <div class=\"cs-subtitle-wrap\"><span class=\"cs-subtitle color-white\">Araz White House<\/span><\/div>\t            <h1 class=\"cs-title\">\n\t                Aile Odas\u0131\t            <\/h1>\t            <div class=\"cs-title-text\">\n\t                <p>Sadelikte Bulu\u015fan Rahatl\u0131k<\/p>\t            <\/div>        <\/div>\t\t\t\t<\/div>\n\t\t\t\t<\/div>\n\t\t\t\t\t<\/div>\n\t\t<\/div>\n\t\t\t\t\t<\/div>\n\t\t<\/section>\n\t\t\t\t<section class=\"elementor-section elementor-top-section elementor-element elementor-element-2dc3f53 cs-section-content-fullwidth elementor-section-boxed elementor-section-height-default elementor-section-height-default\" data-id=\"2dc3f53\" data-element_type=\"section\" data-e-type=\"section\" data-settings=\"{&quot;background_background&quot;:&quot;classic&quot;}\">\n\t\t\t\t\t\t<div class=\"elementor-container elementor-column-gap-no\">\n\t\t\t\t\t<div class=\"elementor-column elementor-col-100 elementor-top-column elementor-element elementor-element-87c4c7a\" data-id=\"87c4c7a\" data-element_type=\"column\" data-e-type=\"column\">\n\t\t\t<div class=\"elementor-widget-wrap elementor-element-populated\">\n\t\t\t\t\t\t<div class=\"elementor-element elementor-element-2f211b0 elementor-widget elementor-widget-cs_title\" data-id=\"2f211b0\" data-element_type=\"widget\" data-e-type=\"widget\" data-widget_type=\"cs_title.default\">\n\t\t\t\t<div class=\"elementor-widget-container\">\n\t\t\t\t\t\n        <div class=\"cs-title-wrap text-center\">\t            <h3 class=\"cs-title\">\n\t                Oda Detaylar\u0131\t            <\/h3>\t            <div class=\"cs-title-text\">\n\t                <p>Oteldeki konaklaman\u0131z boyunca rahat\u0131n\u0131z ve memnuniyetiniz i\u00e7in buraday\u0131z. Check-in i\u015flemlerinizi h\u0131zl\u0131 ve kolay bir \u015fekilde tamamlamak i\u00e7in resepsiyon ekibimiz size yard\u0131mc\u0131 olmaktan mutluluk duyacakt\u0131r.<\/p>\t            <\/div>        <\/div>\t\t\t\t<\/div>\n\t\t\t\t<\/div>\n\t\t\t\t<div class=\"elementor-element elementor-element-dc4ebce elementor-widget elementor-widget-cs_info_box\" data-id=\"dc4ebce\" data-element_type=\"widget\" data-e-type=\"widget\" data-widget_type=\"cs_info_box.default\">\n\t\t\t\t<div class=\"elementor-widget-container\">\n\t\t\t\t\t\n\t\t\t<div class=\"cs-info-box column-3 valign-top img-left tablet-column-1\">\n                <div class=\"cs-info-box-wrap\">                    <div class=\"cs-info-box-item elementor-repeater-item-cccff81\">\n                    \t<div class=\"cs-item-container\">\t                        <div class=\"cs-info-box-img\"><i aria-hidden=\"true\" class=\"flaticon flaticon-ac\"><\/i>\t                        <\/div>\t                        <div class=\"cs-info-box-content\">\n\t                            <h5 class=\"cs-title cs-info-box-title\">Klima\t\t\t\t\t\t\t\t<\/h5>\t                            \t<div class=\"cs-info-box-text\"><p>Mevsime uygun iklimlendirme<\/p><\/div>\t                        <\/div>\t                    <\/div>\n                    <\/div>                    <div class=\"cs-info-box-item elementor-repeater-item-6c33aa7\">\n                    \t<div class=\"cs-item-container\">\t                        <div class=\"cs-info-box-img\"><i aria-hidden=\"true\" class=\"flaticon flaticon-customer-service\"><\/i>\t                        <\/div>\t                        <div class=\"cs-info-box-content\">\n\t                            <h5 class=\"cs-title cs-info-box-title\">Oda Servisi\t\t\t\t\t\t\t\t<\/h5>\t                            \t<div class=\"cs-info-box-text\"><p>Hijyen kurallar\u0131na uygun temizlik<\/p><\/div>\t                        <\/div>\t                    <\/div>\n                    <\/div>                    <div class=\"cs-info-box-item elementor-repeater-item-0a01fb1\">\n                    \t<div class=\"cs-item-container\">\t                        <div class=\"cs-info-box-img\"><i aria-hidden=\"true\" class=\"flaticon flaticon-wifi-2\"><\/i>\t                        <\/div>\t                        <div class=\"cs-info-box-content\">\n\t                            <h5 class=\"cs-title cs-info-box-title\">Wifi & Internet\t\t\t\t\t\t\t\t<\/h5>\t                            \t<div class=\"cs-info-box-text\"><p>\u00dccretsiz ve h\u0131zl\u0131<\/p><\/div>\t                        <\/div>\t                    <\/div>\n                    <\/div>                    <div class=\"cs-info-box-item elementor-repeater-item-bb40a8b\">\n                    \t<div class=\"cs-item-container\">\t                        <div class=\"cs-info-box-img\"><i aria-hidden=\"true\" class=\"flaticon flaticon-laundry-service\"><\/i>\t                        <\/div>\t                        <div class=\"cs-info-box-content\">\n\t                            <h5 class=\"cs-title cs-info-box-title\">\u00c7ama\u015f\u0131r Servisi\t\t\t\t\t\t\t\t<\/h5>\t                            \t<div class=\"cs-info-box-text\"><p>\u00c7ama\u015f\u0131r makinesi veya yak\u0131n temizlik hizmetleri<\/p><\/div>\t                        <\/div>\t                    <\/div>\n                    <\/div>                    <div class=\"cs-info-box-item elementor-repeater-item-55da29c\">\n                    \t<div class=\"cs-item-container\">\t                        <div class=\"cs-info-box-img\"><i aria-hidden=\"true\" class=\"flaticon flaticon-breakfast-3\"><\/i>\t                        <\/div>\t                        <div class=\"cs-info-box-content\">\n\t                            <h5 class=\"cs-title cs-info-box-title\">Kahvalt\u0131\t\t\t\t\t\t\t\t<\/h5>\t                            \t<div class=\"cs-info-box-text\"><p>A\u00e7\u0131k b\u00fcfe kahvalt\u0131 se\u00e7ene\u011fi ile konforlu konaklama<\/p><\/div>\t                        <\/div>\t                    <\/div>\n                    <\/div>                    <div class=\"cs-info-box-item elementor-repeater-item-0bf7877\">\n                    \t<div class=\"cs-item-container\">\t                        <div class=\"cs-info-box-img\"><i aria-hidden=\"true\" class=\"flaticon flaticon-bathtub-3\"><\/i>\t                        <\/div>\t                        <div class=\"cs-info-box-content\">\n\t                            <h5 class=\"cs-title cs-info-box-title\">S\u0131cak Su\t\t\t\t\t\t\t\t<\/h5>\t                            \t<div class=\"cs-info-box-text\"><p>\u0130\u015fletmemizde yer alan s\u0131cak su depo kazan\u0131 ile kesintisiz su imkan\u0131<\/p><\/div>\t                        <\/div>\t                    <\/div>\n                    <\/div>                    <div class=\"cs-info-box-item elementor-repeater-item-5d61583\">\n                    \t<div class=\"cs-item-container\">\t                        <div class=\"cs-info-box-img\"><i aria-hidden=\"true\" class=\"flaticon flaticon-coffee-cup\"><\/i>\t                        <\/div>\t                        <div class=\"cs-info-box-content\">\n\t                            <h5 class=\"cs-title cs-info-box-title\">Kafetarya\t\t\t\t\t\t\t\t<\/h5>\t                            \t<div class=\"cs-info-box-text\"><p>Otelin modern kafe b\u00f6l\u00fcm\u00fc ile benzersiz dinlebilirsiniz. <\/p><\/div>\t                        <\/div>\t                    <\/div>\n                    <\/div>                    <div class=\"cs-info-box-item elementor-repeater-item-3379dfb\">\n                    \t<div class=\"cs-item-container\">\t                        <div class=\"cs-info-box-img\"><i aria-hidden=\"true\" class=\"flaticon flaticon-landscape-2\"><\/i>\t                        <\/div>\t                        <div class=\"cs-info-box-content\">\n\t                            <h5 class=\"cs-title cs-info-box-title\">Merkezi Konum\t\t\t\t\t\t\t\t<\/h5>\t                            \t<div class=\"cs-info-box-text\"><p>Ula\u015f\u0131m ve al\u0131\u015fveri\u015f merkezlerine yak\u0131nl\u0131k<\/p><\/div>\t                        <\/div>\t                    <\/div>\n                    <\/div>                    <div class=\"cs-info-box-item elementor-repeater-item-f41bbb4\">\n                    \t<div class=\"cs-item-container\">\t                        <div class=\"cs-info-box-img\"><i aria-hidden=\"true\" class=\"flaticon flaticon-parking\"><\/i>\t                        <\/div>\t                        <div class=\"cs-info-box-content\">\n\t                            <h5 class=\"cs-title cs-info-box-title\">Park Alan\u0131\t\t\t\t\t\t\t\t<\/h5>\t                            \t<div class=\"cs-info-box-text\"><p>\u0130\u015fletmemizde otopark alan\u0131 mevcuttur.<\/p><\/div>\t                        <\/div>\t                    <\/div>\n                    <\/div>\t\t\t\t<\/div>\n\t\t\t<\/div>\t\t\t\t<\/div>\n\t\t\t\t<\/div>\n\t\t\t\t\t<\/div>\n\t\t<\/div>\n\t\t\t\t\t<\/div>\n\t\t<\/section>\n\t\t\t\t<section class=\"elementor-section elementor-top-section elementor-element elementor-element-38e5f94 elementor-section-full_width elementor-section-height-default elementor-section-height-default\" data-id=\"38e5f94\" data-element_type=\"section\" data-e-type=\"section\">\n\t\t\t\t\t\t<div class=\"elementor-container elementor-column-gap-no\">\n\t\t\t\t\t<div class=\"elementor-column elementor-col-100 elementor-top-column elementor-element elementor-element-10393dc\" data-id=\"10393dc\" data-element_type=\"column\" data-e-type=\"column\">\n\t\t\t<div class=\"elementor-widget-wrap elementor-element-populated\">\n\t\t\t\t\t\t<div class=\"elementor-element elementor-element-27a1521 cs-animation-small-offset elementor-invisible elementor-widget elementor-widget-cs_gallery\" data-id=\"27a1521\" data-element_type=\"widget\" data-e-type=\"widget\" data-settings=\"{&quot;_animation&quot;:&quot;fadeInUp&quot;,&quot;_animation_delay&quot;:200}\" data-widget_type=\"cs_gallery.default\">\n\t\t\t\t<div class=\"elementor-widget-container\">\n\t\t\t\t\t\n            <div class=\"cs-gallery gap-2 gallery-carousel variable-width slider-dots-overlap\" data-column=\"1\" data-fade=\"off\" data-autoplay=\"off\" data-autoplay-speed=\"5000\" data-show-arrows=\"on\" data-show-dots=\"on\" data-variable-width=\"on\" data-overflow-style=\"\" data-center-mode=\"on\">\n                <div class=\"cs-gallery-wrap\">                    <div class=\"cs-gallery-item\"><img fetchpriority=\"high\" decoding=\"async\" width=\"1024\" height=\"768\" src=\"https:\/\/arazotel.com.tr\/wp-content\/uploads\/2025\/03\/bst_04-1024x768.webp\" class=\"attachment-large size-large wp-image-2545\" alt=\"\" srcset=\"https:\/\/arazotel.com.tr\/wp-content\/uploads\/2025\/03\/bst_04-1024x768.webp 1024w, https:\/\/arazotel.com.tr\/wp-content\/uploads\/2025\/03\/bst_04-300x225.webp 300w, https:\/\/arazotel.com.tr\/wp-content\/uploads\/2025\/03\/bst_04-768x576.webp 768w, https:\/\/arazotel.com.tr\/wp-content\/uploads\/2025\/03\/bst_04-1536x1152.webp 1536w, https:\/\/arazotel.com.tr\/wp-content\/uploads\/2025\/03\/bst_04-2048x1536.webp 2048w, https:\/\/arazotel.com.tr\/wp-content\/uploads\/2025\/03\/bst_04-1920x1440.webp 1920w, https:\/\/arazotel.com.tr\/wp-content\/uploads\/2025\/03\/bst_04-1440x1080.webp 1440w, https:\/\/arazotel.com.tr\/wp-content\/uploads\/2025\/03\/bst_04-1200x900.webp 1200w, https:\/\/arazotel.com.tr\/wp-content\/uploads\/2025\/03\/bst_04-780x585.webp 780w, https:\/\/arazotel.com.tr\/wp-content\/uploads\/2025\/03\/bst_04-600x450.webp 600w, https:\/\/arazotel.com.tr\/wp-content\/uploads\/2025\/03\/bst_04-550x413.webp 550w, https:\/\/arazotel.com.tr\/wp-content\/uploads\/2025\/03\/bst_04-370x278.webp 370w, https:\/\/arazotel.com.tr\/wp-content\/uploads\/2025\/03\/bst_04-255x191.webp 255w\" sizes=\"(max-width: 1024px) 100vw, 1024px\" \/>                    <\/div>                    <div class=\"cs-gallery-item\"><img decoding=\"async\" width=\"1024\" height=\"768\" src=\"https:\/\/arazotel.com.tr\/wp-content\/uploads\/2025\/03\/bst_03-1024x768.webp\" class=\"attachment-large size-large wp-image-2544\" alt=\"\" srcset=\"https:\/\/arazotel.com.tr\/wp-content\/uploads\/2025\/03\/bst_03-1024x768.webp 1024w, https:\/\/arazotel.com.tr\/wp-content\/uploads\/2025\/03\/bst_03-300x225.webp 300w, https:\/\/arazotel.com.tr\/wp-content\/uploads\/2025\/03\/bst_03-768x576.webp 768w, https:\/\/arazotel.com.tr\/wp-content\/uploads\/2025\/03\/bst_03-1536x1152.webp 1536w, https:\/\/arazotel.com.tr\/wp-content\/uploads\/2025\/03\/bst_03-2048x1536.webp 2048w, https:\/\/arazotel.com.tr\/wp-content\/uploads\/2025\/03\/bst_03-1920x1440.webp 1920w, https:\/\/arazotel.com.tr\/wp-content\/uploads\/2025\/03\/bst_03-1440x1080.webp 1440w, https:\/\/arazotel.com.tr\/wp-content\/uploads\/2025\/03\/bst_03-1200x900.webp 1200w, https:\/\/arazotel.com.tr\/wp-content\/uploads\/2025\/03\/bst_03-780x585.webp 780w, https:\/\/arazotel.com.tr\/wp-content\/uploads\/2025\/03\/bst_03-600x450.webp 600w, https:\/\/arazotel.com.tr\/wp-content\/uploads\/2025\/03\/bst_03-550x413.webp 550w, https:\/\/arazotel.com.tr\/wp-content\/uploads\/2025\/03\/bst_03-370x278.webp 370w, https:\/\/arazotel.com.tr\/wp-content\/uploads\/2025\/03\/bst_03-255x191.webp 255w\" sizes=\"(max-width: 1024px) 100vw, 1024px\" \/>                    <\/div>                    <div class=\"cs-gallery-item\"><img decoding=\"async\" width=\"1024\" height=\"768\" src=\"https:\/\/arazotel.com.tr\/wp-content\/uploads\/2025\/03\/02-1-1024x768.webp\" class=\"attachment-large size-large wp-image-2556\" alt=\"\" srcset=\"https:\/\/arazotel.com.tr\/wp-content\/uploads\/2025\/03\/02-1-1024x768.webp 1024w, https:\/\/arazotel.com.tr\/wp-content\/uploads\/2025\/03\/02-1-300x225.webp 300w, https:\/\/arazotel.com.tr\/wp-content\/uploads\/2025\/03\/02-1-768x576.webp 768w, https:\/\/arazotel.com.tr\/wp-content\/uploads\/2025\/03\/02-1-1536x1152.webp 1536w, https:\/\/arazotel.com.tr\/wp-content\/uploads\/2025\/03\/02-1-2048x1536.webp 2048w, https:\/\/arazotel.com.tr\/wp-content\/uploads\/2025\/03\/02-1-1920x1440.webp 1920w, https:\/\/arazotel.com.tr\/wp-content\/uploads\/2025\/03\/02-1-1440x1080.webp 1440w, https:\/\/arazotel.com.tr\/wp-content\/uploads\/2025\/03\/02-1-1200x900.webp 1200w, https:\/\/arazotel.com.tr\/wp-content\/uploads\/2025\/03\/02-1-780x585.webp 780w, https:\/\/arazotel.com.tr\/wp-content\/uploads\/2025\/03\/02-1-600x450.webp 600w, https:\/\/arazotel.com.tr\/wp-content\/uploads\/2025\/03\/02-1-550x413.webp 550w, https:\/\/arazotel.com.tr\/wp-content\/uploads\/2025\/03\/02-1-370x278.webp 370w, https:\/\/arazotel.com.tr\/wp-content\/uploads\/2025\/03\/02-1-255x191.webp 255w\" sizes=\"(max-width: 1024px) 100vw, 1024px\" \/>                    <\/div>                    <div class=\"cs-gallery-item\"><img loading=\"lazy\" decoding=\"async\" width=\"1024\" height=\"683\" src=\"https:\/\/arazotel.com.tr\/wp-content\/uploads\/2025\/03\/aile.webp\" class=\"attachment-large size-large wp-image-2506\" alt=\"\" srcset=\"https:\/\/arazotel.com.tr\/wp-content\/uploads\/2025\/03\/aile.webp 1024w, https:\/\/arazotel.com.tr\/wp-content\/uploads\/2025\/03\/aile-300x200.webp 300w, https:\/\/arazotel.com.tr\/wp-content\/uploads\/2025\/03\/aile-768x512.webp 768w, https:\/\/arazotel.com.tr\/wp-content\/uploads\/2025\/03\/aile-780x520.webp 780w, https:\/\/arazotel.com.tr\/wp-content\/uploads\/2025\/03\/aile-600x400.webp 600w, https:\/\/arazotel.com.tr\/wp-content\/uploads\/2025\/03\/aile-550x367.webp 550w, https:\/\/arazotel.com.tr\/wp-content\/uploads\/2025\/03\/aile-370x247.webp 370w, https:\/\/arazotel.com.tr\/wp-content\/uploads\/2025\/03\/aile-255x170.webp 255w\" sizes=\"(max-width: 1024px) 100vw, 1024px\" \/>                    <\/div>                <\/div>\n            <\/div>\t\t\t\t<\/div>\n\t\t\t\t<\/div>\n\t\t\t\t\t<\/div>\n\t\t<\/div>\n\t\t\t\t\t<\/div>\n\t\t<\/section>\n\t\t\t\t<section class=\"elementor-section elementor-top-section elementor-element elementor-element-0723ca9 elementor-section-content-middle elementor-reverse-tablet elementor-reverse-mobile elementor-section-boxed elementor-section-height-default elementor-section-height-default\" data-id=\"0723ca9\" data-element_type=\"section\" data-e-type=\"section\">\n\t\t\t\t\t\t<div class=\"elementor-container elementor-column-gap-no\">\n\t\t\t\t\t<div class=\"elementor-column elementor-col-50 elementor-top-column elementor-element elementor-element-c84dd94\" data-id=\"c84dd94\" data-element_type=\"column\" data-e-type=\"column\">\n\t\t\t<div class=\"elementor-widget-wrap elementor-element-populated\">\n\t\t\t\t\t\t<div class=\"elementor-element elementor-element-ace802c elementor-widget elementor-widget-cs_title\" data-id=\"ace802c\" data-element_type=\"widget\" data-e-type=\"widget\" data-widget_type=\"cs_title.default\">\n\t\t\t\t<div class=\"elementor-widget-container\">\n\t\t\t\t\t\n        <div class=\"cs-title-wrap text-left\">\t            <h4 class=\"cs-title\">\n\t                Rezervasyon ve Online Sat\u0131\u015f\t            <\/h4>\t            <div class=\"cs-title-text\">\n\t                <p>&#8220;Otelimiz i\u00e7in h\u0131zl\u0131 ve kolay rezervasyon imkan\u0131! \u00d6zel indirimlerle en uygun fiyatlar\u0131 sunuyoruz. Hemen rezervasyon yap\u0131n, konforlu bir konaklama deneyimi ya\u015fay\u0131n. Online rezervasyon ve 7\/24 m\u00fc\u015fteri deste\u011fi ile hizmetinizdeyiz.<\/p><p>Erken rezervasyon f\u0131rsatlar\u0131n\u0131 ka\u00e7\u0131rmay\u0131n!&#8221;<\/p>\t            <\/div>        <\/div>\t\t\t\t<\/div>\n\t\t\t\t<\/div>\n\t\t\t\t<div class=\"elementor-element elementor-element-5902047 elementor-widget elementor-widget-cs_title\" data-id=\"5902047\" data-element_type=\"widget\" data-e-type=\"widget\" data-widget_type=\"cs_title.default\">\n\t\t\t\t<div class=\"elementor-widget-container\">\n\t\t\t\t\t\n        <div class=\"cs-title-wrap\">\t            <h6 class=\"cs-title\">\n\t                \u00c7al\u0131\u015fma Saatlerimiz\t            <\/h6>        <\/div>\t\t\t\t<\/div>\n\t\t\t\t<\/div>\n\t\t\t\t<div class=\"elementor-element elementor-element-990f02b elementor-widget elementor-widget-cs_list\" data-id=\"990f02b\" data-element_type=\"widget\" data-e-type=\"widget\" data-widget_type=\"cs_list.default\">\n\t\t\t\t<div class=\"elementor-widget-container\">\n\t\t\t\t\t\n            <ul class=\"cs-list cs-list-type-unordered\">                <li>                        <span class=\"list-icon color-primary\">\n                            <svg aria-hidden=\"true\" class=\"e-font-icon-svg e-far-clock\" viewBox=\"0 0 512 512\" xmlns=\"http:\/\/www.w3.org\/2000\/svg\"><path d=\"M256 8C119 8 8 119 8 256s111 248 248 248 248-111 248-248S393 8 256 8zm0 448c-110.5 0-200-89.5-200-200S145.5 56 256 56s200 89.5 200 200-89.5 200-200 200zm61.8-104.4l-84.9-61.7c-3.1-2.3-4.9-5.9-4.9-9.7V116c0-6.6 5.4-12 12-12h32c6.6 0 12 5.4 12 12v141.7l66.8 48.6c5.4 3.9 6.5 11.4 2.6 16.8L334.6 349c-3.9 5.3-11.4 6.5-16.8 2.6z\"><\/path><\/svg>                        <\/span>                    <span class=\"list-content\">Otel Giri\u015f Saatleri: 12:00 'den itibaren<\/span>                <\/li>                <li>                        <span class=\"list-icon color-primary\">\n                            <svg aria-hidden=\"true\" class=\"e-font-icon-svg e-far-clock\" viewBox=\"0 0 512 512\" xmlns=\"http:\/\/www.w3.org\/2000\/svg\"><path d=\"M256 8C119 8 8 119 8 256s111 248 248 248 248-111 248-248S393 8 256 8zm0 448c-110.5 0-200-89.5-200-200S145.5 56 256 56s200 89.5 200 200-89.5 200-200 200zm61.8-104.4l-84.9-61.7c-3.1-2.3-4.9-5.9-4.9-9.7V116c0-6.6 5.4-12 12-12h32c6.6 0 12 5.4 12 12v141.7l66.8 48.6c5.4 3.9 6.5 11.4 2.6 16.8L334.6 349c-3.9 5.3-11.4 6.5-16.8 2.6z\"><\/path><\/svg>                        <\/span>                    <span class=\"list-content\">Otel \u00c7\u0131k\u0131\u015f Saatler : 11:45 'dir.<\/span>                <\/li>            <\/ul>\t\t\t\t<\/div>\n\t\t\t\t<\/div>\n\t\t\t\t<div class=\"elementor-element elementor-element-86db4a8 elementor-widget elementor-widget-cs_button\" data-id=\"86db4a8\" data-element_type=\"widget\" data-e-type=\"widget\" data-widget_type=\"cs_button.default\">\n\t\t\t\t<div class=\"elementor-widget-container\">\n\t\t\t\t\t        <a href=\"https:\/\/www.reseliva.com\/booknow\/araz-white-house\/\" class=\"elementor-button-link button cs-btn-outline\" role=\"button\">\n            <span class=\"cs-btn-text\">Sat\u0131\u015f i\u00e7in<\/span>        <\/a>\t\t\t\t<\/div>\n\t\t\t\t<\/div>\n\t\t\t\t\t<\/div>\n\t\t<\/div>\n\t\t\t\t<div class=\"elementor-column elementor-col-50 elementor-top-column elementor-element elementor-element-626264f cs-animation-small-offset elementor-invisible\" data-id=\"626264f\" data-element_type=\"column\" data-e-type=\"column\" data-settings=\"{&quot;background_background&quot;:&quot;classic&quot;,&quot;animation&quot;:&quot;fadeInUp&quot;,&quot;animation_delay&quot;:150}\">\n\t\t\t<div class=\"elementor-widget-wrap elementor-element-populated\">\n\t\t\t\t\t\t<div class=\"elementor-element elementor-element-5c64537 elementor-widget elementor-widget-spacer\" data-id=\"5c64537\" data-element_type=\"widget\" data-e-type=\"widget\" data-widget_type=\"spacer.default\">\n\t\t\t\t\t\t\t<div class=\"elementor-spacer\">\n\t\t\t<div class=\"elementor-spacer-inner\"><\/div>\n\t\t<\/div>\n\t\t\t\t\t\t<\/div>\n\t\t\t\t\t<\/div>\n\t\t<\/div>\n\t\t\t\t\t<\/div>\n\t\t<\/section>\n\t\t\t\t<\/div>\n\t\t","protected":false},"excerpt":{"rendered":"<p>Araz White House Aile Odas\u0131 Sadelikte Bulu\u015fan Rahatl\u0131k Oda Detaylar\u0131 Oteldeki konaklaman\u0131z boyunca rahat\u0131n\u0131z ve memnuniyetiniz i\u00e7in buraday\u0131z. Check-in i\u015flemlerinizi h\u0131zl\u0131 ve kolay bir \u015fekilde tamamlamak i\u00e7in resepsiyon ekibimiz size yard\u0131mc\u0131 olmaktan mutluluk duyacakt\u0131r. Klima Mevsime uygun iklimlendirme Oda Servisi Hijyen kurallar\u0131na uygun temizlik Wifi &#038; Internet \u00dccretsiz ve h\u0131zl\u0131 \u00c7ama\u015f\u0131r Servisi \u00c7ama\u015f\u0131r makinesi veya &#8230;<\/p>\n","protected":false},"author":1,"featured_media":0,"parent":0,"menu_order":0,"comment_status":"closed","ping_status":"closed","template":"template-wide-content.php","meta":{"cozystay_single_page_hide_site_header":"","cozystay_single_page_site_header_source":"","cozystay_single_page_custom_site_header":"0","cozystay_single_page_custom_sticky_site_header":"0","cozystay_single_page_hide_page_title":"on","cozystay_single_page_header_section_size":"","cozystay_single_page_header_background_color":"","cozystay_single_page_header_background_position_x":"center","cozystay_single_page_header_background_position_y":"center","cozystay_single_page_header_background_size":"cover","cozystay_single_page_header_background_repeat":"off","cozystay_single_page_header_background_scroll":"on","cozystay_single_page_header_text_color":"","cozystay_single_page_header_show_breadcrumb":"","cozystay_single_page_site_footer_hide_main":"","cozystay_single_custom_site_footer_main_source":"","cozystay_single_custom_site_footer_main":"0","cozystay_single_page_site_footer_hide_above":"","cozystay_single_custom_site_footer_above_source":"","cozystay_single_custom_site_footer_above":"0","cozystay_single_page_site_footer_hide_instagram":"","cozystay_single_page_site_footer_hide_bottom":"","cozystay_single_custom_mobile_menu_source":"","cozystay_single_custom_mobile_menu":"0","cozystay_single_custom_mobile_menu_animation":"","cozystay_single_custom_mobile_menu_width":"","cozystay_single_custom_mobile_menu_custom_width":375,"footnotes":""},"class_list":["post-1120","page","type-page","status-publish","hentry"],"_links":{"self":[{"href":"https:\/\/arazotel.com.tr\/index.php\/wp-json\/wp\/v2\/pages\/1120","targetHints":{"allow":["GET"]}}],"collection":[{"href":"https:\/\/arazotel.com.tr\/index.php\/wp-json\/wp\/v2\/pages"}],"about":[{"href":"https:\/\/arazotel.com.tr\/index.php\/wp-json\/wp\/v2\/types\/page"}],"author":[{"embeddable":true,"href":"https:\/\/arazotel.com.tr\/index.php\/wp-json\/wp\/v2\/users\/1"}],"replies":[{"embeddable":true,"href":"https:\/\/arazotel.com.tr\/index.php\/wp-json\/wp\/v2\/comments?post=1120"}],"version-history":[{"count":7,"href":"https:\/\/arazotel.com.tr\/index.php\/wp-json\/wp\/v2\/pages\/1120\/revisions"}],"predecessor-version":[{"id":2559,"href":"https:\/\/arazotel.com.tr\/index.php\/wp-json\/wp\/v2\/pages\/1120\/revisions\/2559"}],"wp:attachment":[{"href":"https:\/\/arazotel.com.tr\/index.php\/wp-json\/wp\/v2\/media?parent=1120"}],"curies":[{"name":"wp","href":"https:\/\/api.w.org\/{rel}","templated":true}]}}