{"id":206,"date":"2023-03-28T04:35:12","date_gmt":"2023-03-28T04:35:12","guid":{"rendered":"https:\/\/cozystay.loftocean.com\/apartment\/?page_id=206"},"modified":"2025-03-25T01:29:30","modified_gmt":"2025-03-24T22:29:30","slug":"oda-2","status":"publish","type":"page","link":"https:\/\/arazotel.com.tr\/index.php\/oda-2\/","title":{"rendered":"Oda"},"content":{"rendered":"\t\t<div data-elementor-type=\"wp-page\" data-elementor-id=\"206\" class=\"elementor elementor-206\">\n\t\t\t\t\t\t<section class=\"elementor-section elementor-top-section elementor-element elementor-element-c42bbd3 elementor-section-height-min-height cs-section-content-fullwidth cs-parallax-on-scroll cs_scroll_y_80 elementor-section-boxed elementor-section-height-default elementor-section-items-middle\" data-id=\"c42bbd3\" data-element_type=\"section\" data-e-type=\"section\" data-settings=\"{&quot;background_background&quot;:&quot;classic&quot;}\" data-cs-parallax-y=\"80\" style=\"background-image: none;\" data-cs-background-image=\"https:\/\/arazotel.com.tr\/wp-content\/uploads\/2025\/03\/img.jpg\">\n\t\t\t\t\t\t\t<div class=\"elementor-background-overlay\"><\/div>\n\t\t\t\t\t\t\t<div class=\"elementor-container elementor-column-gap-no\">\n\t\t\t\t\t<div class=\"elementor-column elementor-col-100 elementor-top-column elementor-element elementor-element-b588fdc dark-color\" data-id=\"b588fdc\" data-element_type=\"column\" data-e-type=\"column\">\n\t\t\t<div class=\"elementor-widget-wrap elementor-element-populated\">\n\t\t\t\t\t\t<div class=\"elementor-element elementor-element-5e30da5 elementor-widget elementor-widget-cs_title\" data-id=\"5e30da5\" data-element_type=\"widget\" data-e-type=\"widget\" data-widget_type=\"cs_title.default\">\n\t\t\t\t<div class=\"elementor-widget-container\">\n\t\t\t\t\t\n        <div class=\"cs-title-wrap text-center\">\t            <h1 class=\"cs-title\">\n\t                Odalar\u0131m\u0131z\t            <\/h1>\t            <div class=\"cs-title-text\">\n\t                <p>&#8220;Ah\u015fab\u0131n Zarafeti, L\u00fcks\u00fcn Keyfi&#8221;<\/p>\t            <\/div>        <\/div>\t\t\t\t<\/div>\n\t\t\t\t<\/div>\n\t\t\t\t\t<\/div>\n\t\t<\/div>\n\t\t\t\t\t<\/div>\n\t\t<\/section>\n\t\t\t\t<section class=\"elementor-section elementor-top-section elementor-element elementor-element-77cd57c cs-animation-small-offset elementor-section-boxed elementor-section-height-default elementor-section-height-default elementor-invisible\" data-id=\"77cd57c\" data-element_type=\"section\" data-e-type=\"section\" data-settings=\"{&quot;animation&quot;:&quot;fadeInUp&quot;,&quot;animation_delay&quot;:150}\">\n\t\t\t\t\t\t<div class=\"elementor-container elementor-column-gap-no\">\n\t\t\t\t\t<div class=\"elementor-column elementor-col-100 elementor-top-column elementor-element elementor-element-345102e\" data-id=\"345102e\" data-element_type=\"column\" data-e-type=\"column\">\n\t\t\t<div class=\"elementor-widget-wrap elementor-element-populated\">\n\t\t\t\t\t\t<div class=\"elementor-element elementor-element-6cefc25 elementor-widget elementor-widget-cs_title\" data-id=\"6cefc25\" data-element_type=\"widget\" data-e-type=\"widget\" data-widget_type=\"cs_title.default\">\n\t\t\t\t<div class=\"elementor-widget-container\">\n\t\t\t\t\t\n        <div class=\"cs-title-wrap text-center\">\t            <h4 class=\"cs-title\">\n\t                Araz White House\t            <\/h4>\t            <div class=\"cs-title-text\">\n\t                <p>&#8220;Ah\u015fab\u0131n Do\u011fayla Bulu\u015ftu\u011fu Tarihi K\u00f6\u015fe&#8221;<\/p>\t            <\/div>        <\/div>\t\t\t\t<\/div>\n\t\t\t\t<\/div>\n\t\t\t\t\t<\/div>\n\t\t<\/div>\n\t\t\t\t\t<\/div>\n\t\t<\/section>\n\t\t\t\t<section class=\"elementor-section elementor-top-section elementor-element elementor-element-a8addd5 cs-animation-small-offset elementor-section-boxed elementor-section-height-default elementor-section-height-default elementor-invisible\" data-id=\"a8addd5\" data-element_type=\"section\" data-e-type=\"section\" data-settings=\"{&quot;animation&quot;:&quot;fadeInUp&quot;,&quot;animation_delay&quot;:150}\">\n\t\t\t\t\t\t<div class=\"elementor-container elementor-column-gap-no\">\n\t\t\t\t\t<div class=\"elementor-column elementor-col-50 elementor-top-column elementor-element elementor-element-9d0b824\" data-id=\"9d0b824\" data-element_type=\"column\" data-e-type=\"column\">\n\t\t\t<div class=\"elementor-widget-wrap elementor-element-populated\">\n\t\t\t\t\t\t<div class=\"elementor-element elementor-element-88d2df7 elementor-widget elementor-widget-image\" data-id=\"88d2df7\" data-element_type=\"widget\" data-e-type=\"widget\" data-widget_type=\"image.default\">\n\t\t\t\t\t\t\t\t\t\t\t\t\t\t\t<img fetchpriority=\"high\" decoding=\"async\" width=\"780\" height=\"520\" src=\"https:\/\/arazotel.com.tr\/wp-content\/uploads\/2025\/03\/suit-780x520.webp\" class=\"attachment-cozystay_780x9999 size-cozystay_780x9999 wp-image-2505\" alt=\"\" srcset=\"https:\/\/arazotel.com.tr\/wp-content\/uploads\/2025\/03\/suit-780x520.webp 780w, https:\/\/arazotel.com.tr\/wp-content\/uploads\/2025\/03\/suit-300x200.webp 300w, https:\/\/arazotel.com.tr\/wp-content\/uploads\/2025\/03\/suit-768x512.webp 768w, https:\/\/arazotel.com.tr\/wp-content\/uploads\/2025\/03\/suit-600x400.webp 600w, https:\/\/arazotel.com.tr\/wp-content\/uploads\/2025\/03\/suit-550x367.webp 550w, https:\/\/arazotel.com.tr\/wp-content\/uploads\/2025\/03\/suit-370x247.webp 370w, https:\/\/arazotel.com.tr\/wp-content\/uploads\/2025\/03\/suit-255x170.webp 255w, https:\/\/arazotel.com.tr\/wp-content\/uploads\/2025\/03\/suit.webp 1024w\" sizes=\"(max-width: 780px) 100vw, 780px\" \/>\t\t\t\t\t\t\t\t\t\t\t\t\t\t\t<\/div>\n\t\t\t\t<div class=\"elementor-element elementor-element-18e03c1 elementor-widget elementor-widget-cs_title\" data-id=\"18e03c1\" data-element_type=\"widget\" data-e-type=\"widget\" data-widget_type=\"cs_title.default\">\n\t\t\t\t<div class=\"elementor-widget-container\">\n\t\t\t\t\t\n        <div class=\"cs-title-wrap text-center\">\t            <h5 class=\"cs-title\">\n\t                Basit Oda\t            <\/h5>\t            <div class=\"cs-title-text\">\n\t                <p>En fazla 2 Ki\u015fi kalabilir<\/p>\t            <\/div>                <div class=\"cs-title-btn\">\n                    <a class=\"button elementor-button-link cs-btn-color-black cs-btn-outline cs-btn-small\" role=\"button\" href=\"https:\/\/arazotel.com.tr\/index.php\/basic\/\">\n                        <span class=\"cs-btn-text\">Detayl\u0131 Bilgi<\/span>                    <\/a>\n                <\/div>\n                    <\/div>\t\t\t\t<\/div>\n\t\t\t\t<\/div>\n\t\t\t\t\t<\/div>\n\t\t<\/div>\n\t\t\t\t<div class=\"elementor-column elementor-col-50 elementor-top-column elementor-element elementor-element-acf8c27\" data-id=\"acf8c27\" data-element_type=\"column\" data-e-type=\"column\">\n\t\t\t<div class=\"elementor-widget-wrap elementor-element-populated\">\n\t\t\t\t\t\t<div class=\"elementor-element elementor-element-51ccafc elementor-widget elementor-widget-image\" data-id=\"51ccafc\" data-element_type=\"widget\" data-e-type=\"widget\" data-widget_type=\"image.default\">\n\t\t\t\t\t\t\t\t\t\t\t\t\t\t\t<img decoding=\"async\" width=\"780\" height=\"520\" src=\"https:\/\/arazotel.com.tr\/wp-content\/uploads\/2025\/03\/aile-780x520.webp\" class=\"attachment-cozystay_780x9999 size-cozystay_780x9999 wp-image-2506\" alt=\"\" srcset=\"https:\/\/arazotel.com.tr\/wp-content\/uploads\/2025\/03\/aile-780x520.webp 780w, https:\/\/arazotel.com.tr\/wp-content\/uploads\/2025\/03\/aile-300x200.webp 300w, https:\/\/arazotel.com.tr\/wp-content\/uploads\/2025\/03\/aile-768x512.webp 768w, https:\/\/arazotel.com.tr\/wp-content\/uploads\/2025\/03\/aile-600x400.webp 600w, https:\/\/arazotel.com.tr\/wp-content\/uploads\/2025\/03\/aile-550x367.webp 550w, https:\/\/arazotel.com.tr\/wp-content\/uploads\/2025\/03\/aile-370x247.webp 370w, https:\/\/arazotel.com.tr\/wp-content\/uploads\/2025\/03\/aile-255x170.webp 255w, https:\/\/arazotel.com.tr\/wp-content\/uploads\/2025\/03\/aile.webp 1024w\" sizes=\"(max-width: 780px) 100vw, 780px\" \/>\t\t\t\t\t\t\t\t\t\t\t\t\t\t\t<\/div>\n\t\t\t\t<div class=\"elementor-element elementor-element-53c3eb5 elementor-widget elementor-widget-cs_title\" data-id=\"53c3eb5\" data-element_type=\"widget\" data-e-type=\"widget\" data-widget_type=\"cs_title.default\">\n\t\t\t\t<div class=\"elementor-widget-container\">\n\t\t\t\t\t\n        <div class=\"cs-title-wrap text-center\">\t            <h5 class=\"cs-title\">\n\t                Aile Odas\u0131\t            <\/h5>\t            <div class=\"cs-title-text\">\n\t                <p>En fazla 4 Ki\u015fi kalabilir<\/p>\t            <\/div>                <div class=\"cs-title-btn\">\n                    <a class=\"button elementor-button-link cs-btn-color-black cs-btn-outline cs-btn-small\" role=\"button\" href=\"https:\/\/arazotel.com.tr\/index.php\/aile\/\">\n                        <span class=\"cs-btn-text\">Detayl\u0131 Bilgi<\/span>                    <\/a>\n                <\/div>\n                    <\/div>\t\t\t\t<\/div>\n\t\t\t\t<\/div>\n\t\t\t\t\t<\/div>\n\t\t<\/div>\n\t\t\t\t\t<\/div>\n\t\t<\/section>\n\t\t\t\t<section class=\"elementor-section elementor-top-section elementor-element elementor-element-0e1d037 cs-section-content-fullwidth elementor-section-boxed elementor-section-height-default elementor-section-height-default\" data-id=\"0e1d037\" data-element_type=\"section\" data-e-type=\"section\" data-settings=\"{&quot;background_background&quot;:&quot;classic&quot;}\">\n\t\t\t\t\t\t<div class=\"elementor-container elementor-column-gap-no\">\n\t\t\t\t\t<div class=\"elementor-column elementor-col-100 elementor-top-column elementor-element elementor-element-c337e61\" data-id=\"c337e61\" data-element_type=\"column\" data-e-type=\"column\">\n\t\t\t<div class=\"elementor-widget-wrap elementor-element-populated\">\n\t\t\t\t\t\t<div class=\"elementor-element elementor-element-67305d5 elementor--star-style-star_unicode elementor-star-rating--align-center elementor-widget elementor-widget-star-rating\" data-id=\"67305d5\" data-element_type=\"widget\" data-e-type=\"widget\" data-widget_type=\"star-rating.default\">\n\t\t\t\t\t\t\t<div class=\"elementor-star-rating__wrapper\">\n\t\t\t\t\t\t<div class=\"elementor-star-rating\" itemtype=\"http:\/\/schema.org\/Rating\" itemscope=\"\" itemprop=\"reviewRating\">\n\t\t\t\t<i class=\"elementor-star-full\" aria-hidden=\"true\">&#9733;<\/i><i class=\"elementor-star-full\" aria-hidden=\"true\">&#9733;<\/i><i class=\"elementor-star-full\" aria-hidden=\"true\">&#9733;<\/i><i class=\"elementor-star-full\" aria-hidden=\"true\">&#9733;<\/i><i class=\"elementor-star-full\" aria-hidden=\"true\">&#9733;<\/i>\t\t\t\t<span itemprop=\"ratingValue\" class=\"elementor-screen-only\">5 \/ 5 \u00fczerinden de\u011ferlendirildi<\/span>\n\t\t\t<\/div>\n\t\t<\/div>\n\t\t\t\t\t\t<\/div>\n\t\t\t\t<div class=\"elementor-element elementor-element-19332b7 cs-animation-small-offset elementor-invisible elementor-widget elementor-widget-cs_testimonials\" data-id=\"19332b7\" data-element_type=\"widget\" data-e-type=\"widget\" data-settings=\"{&quot;_animation&quot;:&quot;fadeInUp&quot;,&quot;_animation_delay&quot;:300}\" data-widget_type=\"cs_testimonials.default\">\n\t\t\t\t<div class=\"elementor-widget-container\">\n\t\t\t\t\t\n            <div class=\"cs-testimonials testimonial-style-1 text-center testimonials-slider\" data-column=\"1\" data-autoplay=\"on\" data-autoplay-speed=\"5000\" data-show-arrows=\"on\" data-show-dots=\"on\"><div class=\"cs-ts-wrap\"><div class=\"cs-ts-item\">                    <div class=\"cs-testimonial\">                        <div class=\"cs-testimonial-content\">2 g\u00fcnl\u00fck Mudanya tatilimiz i\u00e7in yorumlara bakarak tercih etti\u011fimiz butik otel i\u00e7in hi\u00e7 pi\u015fman olmad\u0131k, \u00e7ok memnun kald\u0131k.<\/div>                        <div class=\"cs-testimonial-meta\">\n                            <div class=\"elementor-testimonial-meta-inner\">\t                                <div class=\"elementor-testimonial-details\">\t                                    <div class=\"elementor-testimonial-name\">Hayriye Eren<\/div>\t                                    <div class=\"elementor-testimonial-job\">Google<\/div>\t\t\t\t\t\t\t\t\t<\/div>                            <\/div>\n                        <\/div>                    <\/div><\/div><div class=\"cs-ts-item\">                    <div class=\"cs-testimonial\">                        <div class=\"cs-testimonial-content\">Otel Mudanya\u2019da sahile \u00e7ok yak\u0131n bir konumda,fiyat performans\u0131 olduk\u00e7a iyi bir k\u0131\u015f bahcesine sahip olu\u015fu,arkadan hi\u00e7 rahats\u0131z etmeyen m\u00fczikleri ve sobas\u0131n\u0131n s\u0131cakl\u0131g\u0131 ile keyif veren bir i\u015fletmeydi.Mudanya\u2019da temiz bir mutfak ve iyi bir hizmet ad\u0131na ciddi bir ihtiyac\u0131 kar\u015f\u0131l\u0131yor.Kutlar\u0131m<\/div>                        <div class=\"cs-testimonial-meta\">\n                            <div class=\"elementor-testimonial-meta-inner\">\t                                <div class=\"elementor-testimonial-details\">\t                                    <div class=\"elementor-testimonial-name\">Zelal Din\u00e7<\/div>\t                                    <div class=\"elementor-testimonial-job\">Google<\/div>\t\t\t\t\t\t\t\t\t<\/div>                            <\/div>\n                        <\/div>                    <\/div><\/div><div class=\"cs-ts-item\">                    <div class=\"cs-testimonial\">                        <div class=\"cs-testimonial-content\">D\u00fc\u015f\u00fcnd\u00fc\u011f\u00fcm\u00fczden g\u00fczel bir konaklama yeri ayr\u0131ca personel g\u00fclery\u00fczl\u00fc ve ilgiliydi. Konum olarak \u00e7ok g\u00fczel bir noktada bulunuyor. Kesinlikle tavsiye ediyorum.<\/div>                        <div class=\"cs-testimonial-meta\">\n                            <div class=\"elementor-testimonial-meta-inner\">\t                                <div class=\"elementor-testimonial-details\">\t                                    <div class=\"elementor-testimonial-name\">Selim \u00dczg\u00fcn<\/div>\t                                    <div class=\"elementor-testimonial-job\">Google<\/div>\t\t\t\t\t\t\t\t\t<\/div>                            <\/div>\n                        <\/div>                    <\/div><\/div><div class=\"cs-ts-item\">                    <div class=\"cs-testimonial\">                        <div class=\"cs-testimonial-content\">Harika bir otel.Odalar temiz personel \u00e7ok ilgili. Kahvalt\u0131 taze ve g\u00fczeldi. Konum efsane. Tekrar gelirim. \u00c7ok te\u015fekk\u00fcrler misafirperverli\u011finiz i\u00e7in.<\/div>                        <div class=\"cs-testimonial-meta\">\n                            <div class=\"elementor-testimonial-meta-inner\">\t                                <div class=\"elementor-testimonial-details\">\t                                    <div class=\"elementor-testimonial-name\">Beste Ersoy<\/div>\t                                    <div class=\"elementor-testimonial-job\">Google<\/div>\t\t\t\t\t\t\t\t\t<\/div>                            <\/div>\n                        <\/div>                    <\/div><\/div><\/div>            <\/div>\t\t\t\t<\/div>\n\t\t\t\t<\/div>\n\t\t\t\t\t<\/div>\n\t\t<\/div>\n\t\t\t\t\t<\/div>\n\t\t<\/section>\n\t\t\t\t<section class=\"elementor-section elementor-top-section elementor-element elementor-element-a39f0a7 elementor-section-full_width cs-animation-small-offset elementor-section-height-default elementor-section-height-default elementor-invisible\" data-id=\"a39f0a7\" data-element_type=\"section\" data-e-type=\"section\" data-settings=\"{&quot;animation&quot;:&quot;fadeInUp&quot;,&quot;animation_delay&quot;:300}\">\n\t\t\t\t\t\t<div class=\"elementor-container elementor-column-gap-no\">\n\t\t\t\t\t<div class=\"elementor-column elementor-col-100 elementor-top-column elementor-element elementor-element-81a9986\" data-id=\"81a9986\" data-element_type=\"column\" data-e-type=\"column\">\n\t\t\t<div class=\"elementor-widget-wrap elementor-element-populated\">\n\t\t\t\t\t\t<div class=\"elementor-element elementor-element-1f39c47 elementor-widget elementor-widget-cs_instagram\" data-id=\"1f39c47\" data-element_type=\"widget\" data-e-type=\"widget\" data-widget_type=\"cs_instagram.default\">\n\t\t\t\t<div class=\"elementor-widget-container\">\n\t\t\t\t\t\n        <div class=\"cs-instagram column-mosaic mosaic-2\">\t                <ul>\t                        <li><div class=\"feed-bg\" style=\"background-image:url(https:\/\/arazotel.com.tr\/wp-content\/uploads\/2025\/03\/g1-1.webp);\"><\/div><\/li>\t                        <li><div class=\"feed-bg\" style=\"background-image:url(https:\/\/arazotel.com.tr\/wp-content\/uploads\/2025\/03\/hd_03w.webp);\"><\/div><\/li>\t                        <li><div class=\"feed-bg\" style=\"background-image:url(https:\/\/arazotel.com.tr\/wp-content\/uploads\/2025\/03\/admin-ajax-1-copy-1.webp);\"><\/div><\/li>\t                        <li><div class=\"feed-bg\" style=\"background-image:url(https:\/\/arazotel.com.tr\/wp-content\/uploads\/2025\/03\/10-600x900.webp);\"><\/div><\/li>\t                        <li><div class=\"feed-bg\" style=\"background-image:url(https:\/\/arazotel.com.tr\/wp-content\/uploads\/2025\/03\/bst_01.webp);\"><\/div><\/li>\t                        <li><div class=\"feed-bg\" style=\"background-image:url(https:\/\/arazotel.com.tr\/wp-content\/uploads\/2025\/03\/05-1.webp);\"><\/div><\/li>\t                        <li><div class=\"feed-bg\" style=\"background-image:url(https:\/\/arazotel.com.tr\/wp-content\/uploads\/2025\/03\/hd_01.webp);\"><\/div><\/li>\t                <\/ul>        <\/div>\t\t\t\t<\/div>\n\t\t\t\t<\/div>\n\t\t\t\t\t<\/div>\n\t\t<\/div>\n\t\t\t\t\t<\/div>\n\t\t<\/section>\n\t\t\t\t<\/div>\n\t\t","protected":false},"excerpt":{"rendered":"<p>Odalar\u0131m\u0131z &#8220;Ah\u015fab\u0131n Zarafeti, L\u00fcks\u00fcn Keyfi&#8221; Araz White House &#8220;Ah\u015fab\u0131n Do\u011fayla Bulu\u015ftu\u011fu Tarihi K\u00f6\u015fe&#8221; Basit Oda En fazla 2 Ki\u015fi kalabilir Detayl\u0131 Bilgi Aile Odas\u0131 En fazla 4 Ki\u015fi kalabilir Detayl\u0131 Bilgi &#9733;&#9733;&#9733;&#9733;&#9733; 5\/5 2 g\u00fcnl\u00fck Mudanya tatilimiz i\u00e7in yorumlara bakarak tercih etti\u011fimiz butik otel i\u00e7in hi\u00e7 pi\u015fman olmad\u0131k, \u00e7ok memnun kald\u0131k. Hayriye Eren Google Otel &#8230;<\/p>\n","protected":false},"author":1,"featured_media":0,"parent":0,"menu_order":0,"comment_status":"closed","ping_status":"closed","template":"template-wide-content.php","meta":{"cozystay_single_page_hide_site_header":"","cozystay_single_page_site_header_source":"","cozystay_single_page_custom_site_header":"0","cozystay_single_page_custom_sticky_site_header":"0","cozystay_single_page_hide_page_title":"on","cozystay_single_page_header_section_size":"","cozystay_single_page_header_background_color":"","cozystay_single_page_header_background_position_x":"center","cozystay_single_page_header_background_position_y":"center","cozystay_single_page_header_background_size":"cover","cozystay_single_page_header_background_repeat":"off","cozystay_single_page_header_background_scroll":"on","cozystay_single_page_header_text_color":"","cozystay_single_page_header_show_breadcrumb":"","cozystay_single_page_site_footer_hide_main":"","cozystay_single_custom_site_footer_main_source":"","cozystay_single_custom_site_footer_main":"0","cozystay_single_page_site_footer_hide_above":"","cozystay_single_custom_site_footer_above_source":"","cozystay_single_custom_site_footer_above":"0","cozystay_single_page_site_footer_hide_instagram":"","cozystay_single_page_site_footer_hide_bottom":"","cozystay_single_custom_mobile_menu_source":"","cozystay_single_custom_mobile_menu":"0","cozystay_single_custom_mobile_menu_animation":"","cozystay_single_custom_mobile_menu_width":"","cozystay_single_custom_mobile_menu_custom_width":375,"footnotes":""},"class_list":["post-206","page","type-page","status-publish","hentry"],"_links":{"self":[{"href":"https:\/\/arazotel.com.tr\/index.php\/wp-json\/wp\/v2\/pages\/206","targetHints":{"allow":["GET"]}}],"collection":[{"href":"https:\/\/arazotel.com.tr\/index.php\/wp-json\/wp\/v2\/pages"}],"about":[{"href":"https:\/\/arazotel.com.tr\/index.php\/wp-json\/wp\/v2\/types\/page"}],"author":[{"embeddable":true,"href":"https:\/\/arazotel.com.tr\/index.php\/wp-json\/wp\/v2\/users\/1"}],"replies":[{"embeddable":true,"href":"https:\/\/arazotel.com.tr\/index.php\/wp-json\/wp\/v2\/comments?post=206"}],"version-history":[{"count":43,"href":"https:\/\/arazotel.com.tr\/index.php\/wp-json\/wp\/v2\/pages\/206\/revisions"}],"predecessor-version":[{"id":2610,"href":"https:\/\/arazotel.com.tr\/index.php\/wp-json\/wp\/v2\/pages\/206\/revisions\/2610"}],"wp:attachment":[{"href":"https:\/\/arazotel.com.tr\/index.php\/wp-json\/wp\/v2\/media?parent=206"}],"curies":[{"name":"wp","href":"https:\/\/api.w.org\/{rel}","templated":true}]}}