{"id":212,"date":"2023-03-28T04:35:49","date_gmt":"2023-03-28T04:35:49","guid":{"rendered":"https:\/\/cozystay.loftocean.com\/apartment\/?page_id=212"},"modified":"2025-03-18T19:07:58","modified_gmt":"2025-03-18T16:07:58","slug":"araz_cafe","status":"publish","type":"page","link":"https:\/\/arazotel.com.tr\/index.php\/araz_cafe\/","title":{"rendered":"Araz Cafe"},"content":{"rendered":"\t\t<div data-elementor-type=\"wp-page\" data-elementor-id=\"212\" class=\"elementor elementor-212\">\n\t\t\t\t\t\t<section class=\"elementor-section elementor-top-section elementor-element elementor-element-3c8a03a7 elementor-section-height-min-height cs-section-content-fullwidth cs-parallax-on-scroll cs_scroll_y_80 elementor-section-boxed elementor-section-height-default elementor-section-items-middle\" data-id=\"3c8a03a7\" data-element_type=\"section\" data-e-type=\"section\" data-settings=\"{&quot;background_background&quot;:&quot;classic&quot;}\" data-cs-parallax-y=\"80\" style=\"background-image: none;\" data-cs-background-image=\"https:\/\/arazotel.com.tr\/wp-content\/uploads\/2025\/03\/hd_01.webp\">\n\t\t\t\t\t\t\t<div class=\"elementor-background-overlay\"><\/div>\n\t\t\t\t\t\t\t<div class=\"elementor-container elementor-column-gap-no\">\n\t\t\t\t\t<div class=\"elementor-column elementor-col-100 elementor-top-column elementor-element elementor-element-2c1c04b9 dark-color\" data-id=\"2c1c04b9\" data-element_type=\"column\" data-e-type=\"column\">\n\t\t\t<div class=\"elementor-widget-wrap elementor-element-populated\">\n\t\t\t\t\t\t<div class=\"elementor-element elementor-element-74bad667 elementor-widget elementor-widget-cs_title\" data-id=\"74bad667\" data-element_type=\"widget\" data-e-type=\"widget\" data-widget_type=\"cs_title.default\">\n\t\t\t\t<div class=\"elementor-widget-container\">\n\t\t\t\t\t\n        <div class=\"cs-title-wrap text-center\">\t            <h1 class=\"cs-title\">\n\t                Araz Cafe\t            <\/h1>\t            <div class=\"cs-title-text\">\n\t                <p>Tarihi mola noktas\u0131<\/p>\t            <\/div>        <\/div>\t\t\t\t<\/div>\n\t\t\t\t<\/div>\n\t\t\t\t\t<\/div>\n\t\t<\/div>\n\t\t\t\t\t<\/div>\n\t\t<\/section>\n\t\t\t\t<section class=\"elementor-section elementor-top-section elementor-element elementor-element-5140f3bb cs-section-content-fullwidth elementor-section-content-middle elementor-section-boxed elementor-section-height-default elementor-section-height-default\" data-id=\"5140f3bb\" data-element_type=\"section\" data-e-type=\"section\" data-settings=\"{&quot;background_background&quot;:&quot;classic&quot;}\">\n\t\t\t\t\t\t<div class=\"elementor-container elementor-column-gap-no\">\n\t\t\t\t\t<div class=\"elementor-column elementor-col-50 elementor-top-column elementor-element elementor-element-7675eb69\" data-id=\"7675eb69\" data-element_type=\"column\" data-e-type=\"column\">\n\t\t\t<div class=\"elementor-widget-wrap elementor-element-populated\">\n\t\t\t\t\t\t<section class=\"elementor-section elementor-inner-section elementor-element elementor-element-6d46bd92 elementor-section-boxed elementor-section-height-default elementor-section-height-default\" data-id=\"6d46bd92\" data-element_type=\"section\" data-e-type=\"section\">\n\t\t\t\t\t\t<div class=\"elementor-container elementor-column-gap-no\">\n\t\t\t\t\t<div class=\"elementor-column elementor-col-50 elementor-inner-column elementor-element elementor-element-3f1bb64\" data-id=\"3f1bb64\" data-element_type=\"column\" data-e-type=\"column\">\n\t\t\t<div class=\"elementor-widget-wrap elementor-element-populated\">\n\t\t\t\t\t\t<div class=\"elementor-element elementor-element-7b6db3 cs-animation-small-offset elementor-invisible elementor-widget elementor-widget-image\" data-id=\"7b6db3\" data-element_type=\"widget\" data-e-type=\"widget\" data-settings=\"{&quot;_animation&quot;:&quot;fadeInUp&quot;,&quot;_animation_delay&quot;:150}\" data-widget_type=\"image.default\">\n\t\t\t\t\t\t\t\t\t\t\t\t\t\t\t<img fetchpriority=\"high\" decoding=\"async\" width=\"370\" height=\"526\" src=\"https:\/\/arazotel.com.tr\/wp-content\/uploads\/2025\/03\/hd_03w-370x526.webp\" class=\"attachment-cozystay_370x9999 size-cozystay_370x9999 wp-image-2182\" alt=\"\" srcset=\"https:\/\/arazotel.com.tr\/wp-content\/uploads\/2025\/03\/hd_03w-370x526.webp 370w, https:\/\/arazotel.com.tr\/wp-content\/uploads\/2025\/03\/hd_03w-211x300.webp 211w, https:\/\/arazotel.com.tr\/wp-content\/uploads\/2025\/03\/hd_03w-255x363.webp 255w, https:\/\/arazotel.com.tr\/wp-content\/uploads\/2025\/03\/hd_03w.webp 422w\" sizes=\"(max-width: 370px) 100vw, 370px\" \/>\t\t\t\t\t\t\t\t\t\t\t\t\t\t\t<\/div>\n\t\t\t\t\t<\/div>\n\t\t<\/div>\n\t\t\t\t<div class=\"elementor-column elementor-col-50 elementor-inner-column elementor-element elementor-element-494993e5\" data-id=\"494993e5\" data-element_type=\"column\" data-e-type=\"column\">\n\t\t\t<div class=\"elementor-widget-wrap elementor-element-populated\">\n\t\t\t\t\t\t<div class=\"elementor-element elementor-element-25fe96a1 cs-animation-medium-offset elementor-invisible elementor-widget elementor-widget-image\" data-id=\"25fe96a1\" data-element_type=\"widget\" data-e-type=\"widget\" data-settings=\"{&quot;_animation&quot;:&quot;fadeInUp&quot;,&quot;_animation_delay&quot;:300}\" data-widget_type=\"image.default\">\n\t\t\t\t\t\t\t\t\t\t\t\t\t\t\t<img decoding=\"async\" width=\"370\" height=\"526\" src=\"https:\/\/arazotel.com.tr\/wp-content\/uploads\/2025\/03\/hd_02w-370x526.webp\" class=\"attachment-cozystay_370x9999 size-cozystay_370x9999 wp-image-2181\" alt=\"\" srcset=\"https:\/\/arazotel.com.tr\/wp-content\/uploads\/2025\/03\/hd_02w-370x526.webp 370w, https:\/\/arazotel.com.tr\/wp-content\/uploads\/2025\/03\/hd_02w-211x300.webp 211w, https:\/\/arazotel.com.tr\/wp-content\/uploads\/2025\/03\/hd_02w-255x363.webp 255w, https:\/\/arazotel.com.tr\/wp-content\/uploads\/2025\/03\/hd_02w.webp 422w\" sizes=\"(max-width: 370px) 100vw, 370px\" \/>\t\t\t\t\t\t\t\t\t\t\t\t\t\t\t<\/div>\n\t\t\t\t\t<\/div>\n\t\t<\/div>\n\t\t\t\t\t<\/div>\n\t\t<\/section>\n\t\t\t\t\t<\/div>\n\t\t<\/div>\n\t\t\t\t<div class=\"elementor-column elementor-col-50 elementor-top-column elementor-element elementor-element-6c97cb8b\" data-id=\"6c97cb8b\" data-element_type=\"column\" data-e-type=\"column\">\n\t\t\t<div class=\"elementor-widget-wrap elementor-element-populated\">\n\t\t\t\t\t\t<div class=\"elementor-element elementor-element-4824ab5f elementor-widget elementor-widget-cs_title\" data-id=\"4824ab5f\" data-element_type=\"widget\" data-e-type=\"widget\" data-widget_type=\"cs_title.default\">\n\t\t\t\t<div class=\"elementor-widget-container\">\n\t\t\t\t\t\n        <div class=\"cs-title-wrap\">\t            <div class=\"cs-subtitle-wrap\"><span class=\"cs-subtitle\">Araz Cafe<\/span><\/div>\t            <h4 class=\"cs-title\">\n\t                Zengin \u0130\u00e7ecek Men\u00fcs\u00fc\t            <\/h4>\t            <div class=\"cs-title-text\">\n\t                <p>K\u00f6\u015femizde sizi bekleyen taze demlenmi\u015f kahveler, ev yap\u0131m\u0131 tatl\u0131lar ve s\u0131cac\u0131k bir atmosfer. G\u00fcn\u00fcn yorgunlu\u011funu atmak, dostlarla keyifli sohbetler etmek ya da yaln\u0131zca kendinize bir mola vermek i\u00e7in do\u011fru adrestesiniz.\u00a0<\/p>\t            <\/div>        <\/div>\t\t\t\t<\/div>\n\t\t\t\t<\/div>\n\t\t\t\t<div class=\"elementor-element elementor-element-772ad4c elementor-widget elementor-widget-cs_title\" data-id=\"772ad4c\" data-element_type=\"widget\" data-e-type=\"widget\" data-widget_type=\"cs_title.default\">\n\t\t\t\t<div class=\"elementor-widget-container\">\n\t\t\t\t\t\n        <div class=\"cs-title-wrap\">\t            <h6 class=\"cs-title\">\n\t                \u00c7al\u0131\u015fma Saatleri\t            <\/h6>        <\/div>\t\t\t\t<\/div>\n\t\t\t\t<\/div>\n\t\t\t\t<div class=\"elementor-element elementor-element-9349db1 elementor-widget elementor-widget-cs_list\" data-id=\"9349db1\" data-element_type=\"widget\" data-e-type=\"widget\" data-widget_type=\"cs_list.default\">\n\t\t\t\t<div class=\"elementor-widget-container\">\n\t\t\t\t\t\n            <ul class=\"cs-list cs-list-type-unordered\">                <li>                        <span class=\"list-icon color-primary\">\n                            <svg aria-hidden=\"true\" class=\"e-font-icon-svg e-far-clock\" viewBox=\"0 0 512 512\" xmlns=\"http:\/\/www.w3.org\/2000\/svg\"><path d=\"M256 8C119 8 8 119 8 256s111 248 248 248 248-111 248-248S393 8 256 8zm0 448c-110.5 0-200-89.5-200-200S145.5 56 256 56s200 89.5 200 200-89.5 200-200 200zm61.8-104.4l-84.9-61.7c-3.1-2.3-4.9-5.9-4.9-9.7V116c0-6.6 5.4-12 12-12h32c6.6 0 12 5.4 12 12v141.7l66.8 48.6c5.4 3.9 6.5 11.4 2.6 16.8L334.6 349c-3.9 5.3-11.4 6.5-16.8 2.6z\"><\/path><\/svg>                        <\/span>                    <span class=\"list-content\">Hafta i\u00e7i : 08:30 - 23:00\n<\/span>                <\/li>                <li>                        <span class=\"list-icon color-primary\">\n                            <svg aria-hidden=\"true\" class=\"e-font-icon-svg e-far-clock\" viewBox=\"0 0 512 512\" xmlns=\"http:\/\/www.w3.org\/2000\/svg\"><path d=\"M256 8C119 8 8 119 8 256s111 248 248 248 248-111 248-248S393 8 256 8zm0 448c-110.5 0-200-89.5-200-200S145.5 56 256 56s200 89.5 200 200-89.5 200-200 200zm61.8-104.4l-84.9-61.7c-3.1-2.3-4.9-5.9-4.9-9.7V116c0-6.6 5.4-12 12-12h32c6.6 0 12 5.4 12 12v141.7l66.8 48.6c5.4 3.9 6.5 11.4 2.6 16.8L334.6 349c-3.9 5.3-11.4 6.5-16.8 2.6z\"><\/path><\/svg>                        <\/span>                    <span class=\"list-content\">Hafta Sonu : 10:00 - 23:00<\/span>                <\/li>            <\/ul>\t\t\t\t<\/div>\n\t\t\t\t<\/div>\n\t\t\t\t<div class=\"elementor-element elementor-element-feef4ff elementor-widget elementor-widget-cs_button\" data-id=\"feef4ff\" data-element_type=\"widget\" data-e-type=\"widget\" data-widget_type=\"cs_button.default\">\n\t\t\t\t<div class=\"elementor-widget-container\">\n\t\t\t\t\t        <a href=\"https:\/\/arazotel.com.tr\/index.php\/cafe_2\/\" class=\"elementor-button-link button cs-btn-outline\" role=\"button\">\n            <span class=\"cs-btn-text\">Fiyat Listesi<\/span>        <\/a>\t\t\t\t<\/div>\n\t\t\t\t<\/div>\n\t\t\t\t\t<\/div>\n\t\t<\/div>\n\t\t\t\t\t<\/div>\n\t\t<\/section>\n\t\t\t\t<section class=\"elementor-section elementor-top-section elementor-element elementor-element-a1d5b6a cs-section-content-fullwidth elementor-section-content-middle elementor-reverse-tablet elementor-reverse-mobile elementor-section-boxed elementor-section-height-default elementor-section-height-default\" data-id=\"a1d5b6a\" data-element_type=\"section\" data-e-type=\"section\" data-settings=\"{&quot;background_background&quot;:&quot;classic&quot;}\">\n\t\t\t\t\t\t<div class=\"elementor-container elementor-column-gap-no\">\n\t\t\t\t\t<div class=\"elementor-column elementor-col-50 elementor-top-column elementor-element elementor-element-fa41425\" data-id=\"fa41425\" data-element_type=\"column\" data-e-type=\"column\">\n\t\t\t<div class=\"elementor-widget-wrap elementor-element-populated\">\n\t\t\t\t\t\t<div class=\"elementor-element elementor-element-03ce37d elementor-widget elementor-widget-cs_title\" data-id=\"03ce37d\" data-element_type=\"widget\" data-e-type=\"widget\" data-widget_type=\"cs_title.default\">\n\t\t\t\t<div class=\"elementor-widget-container\">\n\t\t\t\t\t\n        <div class=\"cs-title-wrap\">\t            <div class=\"cs-subtitle-wrap\"><span class=\"cs-subtitle\">Araz Cafe<\/span><\/div>\t            <h4 class=\"cs-title\">\n\t                Toplant\u0131 &amp; Kahvalt\u0131\t            <\/h4>\t            <div class=\"cs-title-text\">\n\t                <p>\u0130\u015f toplant\u0131lar\u0131n\u0131z\u0131, g\u00fcnlerinizi, vb. organizasyonlar\u0131n\u0131z\u0131 s\u0131cak bir atmosferde yap\u0131n, taze kahveler ve nefis kahvalt\u0131 se\u00e7enekleriyle g\u00fcne enerjik bir ba\u015flang\u0131\u00e7 yap\u0131n. Sizin i\u00e7in \u00f6zel haz\u0131rlanan men\u00fclerimizle, hem i\u015finize odaklan\u0131n hem de lezzetin tad\u0131n\u0131 \u00e7\u0131kar\u0131n. Misafirlerinizle birlikte unutulmaz bir deneyim i\u00e7in bizi tercih edin!\u00a0<\/p>\t            <\/div>        <\/div>\t\t\t\t<\/div>\n\t\t\t\t<\/div>\n\t\t\t\t<div class=\"elementor-element elementor-element-78d5b10 elementor-widget elementor-widget-cs_title\" data-id=\"78d5b10\" data-element_type=\"widget\" data-e-type=\"widget\" data-widget_type=\"cs_title.default\">\n\t\t\t\t<div class=\"elementor-widget-container\">\n\t\t\t\t\t\n        <div class=\"cs-title-wrap\">\t            <h6 class=\"cs-title\">\n\t                Uygunluk Zamanlar\u0131m\u0131z\t            <\/h6>        <\/div>\t\t\t\t<\/div>\n\t\t\t\t<\/div>\n\t\t\t\t<div class=\"elementor-element elementor-element-2547d6b elementor-widget elementor-widget-cs_list\" data-id=\"2547d6b\" data-element_type=\"widget\" data-e-type=\"widget\" data-widget_type=\"cs_list.default\">\n\t\t\t\t<div class=\"elementor-widget-container\">\n\t\t\t\t\t\n            <ul class=\"cs-list cs-list-type-unordered\">                <li>                        <span class=\"list-icon color-primary\">\n                            <svg aria-hidden=\"true\" class=\"e-font-icon-svg e-far-clock\" viewBox=\"0 0 512 512\" xmlns=\"http:\/\/www.w3.org\/2000\/svg\"><path d=\"M256 8C119 8 8 119 8 256s111 248 248 248 248-111 248-248S393 8 256 8zm0 448c-110.5 0-200-89.5-200-200S145.5 56 256 56s200 89.5 200 200-89.5 200-200 200zm61.8-104.4l-84.9-61.7c-3.1-2.3-4.9-5.9-4.9-9.7V116c0-6.6 5.4-12 12-12h32c6.6 0 12 5.4 12 12v141.7l66.8 48.6c5.4 3.9 6.5 11.4 2.6 16.8L334.6 349c-3.9 5.3-11.4 6.5-16.8 2.6z\"><\/path><\/svg>                        <\/span>                    <span class=\"list-content\">Hafta i\u00e7i : 12:00 - 21:00 <\/span>                <\/li>                <li>                        <span class=\"list-icon color-primary\">\n                            <svg aria-hidden=\"true\" class=\"e-font-icon-svg e-far-clock\" viewBox=\"0 0 512 512\" xmlns=\"http:\/\/www.w3.org\/2000\/svg\"><path d=\"M256 8C119 8 8 119 8 256s111 248 248 248 248-111 248-248S393 8 256 8zm0 448c-110.5 0-200-89.5-200-200S145.5 56 256 56s200 89.5 200 200-89.5 200-200 200zm61.8-104.4l-84.9-61.7c-3.1-2.3-4.9-5.9-4.9-9.7V116c0-6.6 5.4-12 12-12h32c6.6 0 12 5.4 12 12v141.7l66.8 48.6c5.4 3.9 6.5 11.4 2.6 16.8L334.6 349c-3.9 5.3-11.4 6.5-16.8 2.6z\"><\/path><\/svg>                        <\/span>                    <span class=\"list-content\">Hafta sonu : 13:00 - 21:00<\/span>                <\/li>            <\/ul>\t\t\t\t<\/div>\n\t\t\t\t<\/div>\n\t\t\t\t\t<\/div>\n\t\t<\/div>\n\t\t\t\t<div class=\"elementor-column elementor-col-50 elementor-top-column elementor-element elementor-element-a6c676c\" data-id=\"a6c676c\" data-element_type=\"column\" data-e-type=\"column\">\n\t\t\t<div class=\"elementor-widget-wrap elementor-element-populated\">\n\t\t\t\t\t\t<section class=\"elementor-section elementor-inner-section elementor-element elementor-element-3b5d627 elementor-section-content-middle elementor-section-boxed elementor-section-height-default elementor-section-height-default\" data-id=\"3b5d627\" data-element_type=\"section\" data-e-type=\"section\">\n\t\t\t\t\t\t<div class=\"elementor-container elementor-column-gap-no\">\n\t\t\t\t\t<div class=\"elementor-column elementor-col-50 elementor-inner-column elementor-element elementor-element-fa7912c\" data-id=\"fa7912c\" data-element_type=\"column\" data-e-type=\"column\">\n\t\t\t<div class=\"elementor-widget-wrap elementor-element-populated\">\n\t\t\t\t\t\t<div class=\"elementor-element elementor-element-1c295db cs-animation-small-offset elementor-invisible elementor-widget elementor-widget-image\" data-id=\"1c295db\" data-element_type=\"widget\" data-e-type=\"widget\" data-settings=\"{&quot;_animation&quot;:&quot;fadeInUp&quot;,&quot;_animation_delay&quot;:150}\" data-widget_type=\"image.default\">\n\t\t\t\t\t\t\t\t\t\t\t\t\t\t\t<img decoding=\"async\" width=\"370\" height=\"526\" src=\"https:\/\/arazotel.com.tr\/wp-content\/uploads\/2025\/03\/hd_04-370x526.webp\" class=\"attachment-cozystay_370x9999 size-cozystay_370x9999 wp-image-2190\" alt=\"\" srcset=\"https:\/\/arazotel.com.tr\/wp-content\/uploads\/2025\/03\/hd_04-370x526.webp 370w, https:\/\/arazotel.com.tr\/wp-content\/uploads\/2025\/03\/hd_04-211x300.webp 211w, https:\/\/arazotel.com.tr\/wp-content\/uploads\/2025\/03\/hd_04-255x363.webp 255w, https:\/\/arazotel.com.tr\/wp-content\/uploads\/2025\/03\/hd_04.webp 422w\" sizes=\"(max-width: 370px) 100vw, 370px\" \/>\t\t\t\t\t\t\t\t\t\t\t\t\t\t\t<\/div>\n\t\t\t\t\t<\/div>\n\t\t<\/div>\n\t\t\t\t<div class=\"elementor-column elementor-col-50 elementor-inner-column elementor-element elementor-element-c6ecc44\" data-id=\"c6ecc44\" data-element_type=\"column\" data-e-type=\"column\">\n\t\t\t<div class=\"elementor-widget-wrap elementor-element-populated\">\n\t\t\t\t\t\t<div class=\"elementor-element elementor-element-13b1f39 cs-animation-medium-offset elementor-invisible elementor-widget elementor-widget-image\" data-id=\"13b1f39\" data-element_type=\"widget\" data-e-type=\"widget\" data-settings=\"{&quot;_animation&quot;:&quot;fadeInUp&quot;,&quot;_animation_delay&quot;:300}\" data-widget_type=\"image.default\">\n\t\t\t\t\t\t\t\t\t\t\t\t\t\t\t<img loading=\"lazy\" decoding=\"async\" width=\"370\" height=\"526\" src=\"https:\/\/arazotel.com.tr\/wp-content\/uploads\/2025\/03\/hd_05-370x526.jpg\" class=\"attachment-cozystay_370x9999 size-cozystay_370x9999 wp-image-2191\" alt=\"\" srcset=\"https:\/\/arazotel.com.tr\/wp-content\/uploads\/2025\/03\/hd_05-370x526.jpg 370w, https:\/\/arazotel.com.tr\/wp-content\/uploads\/2025\/03\/hd_05-211x300.jpg 211w, https:\/\/arazotel.com.tr\/wp-content\/uploads\/2025\/03\/hd_05-255x363.jpg 255w, https:\/\/arazotel.com.tr\/wp-content\/uploads\/2025\/03\/hd_05.jpg 422w\" sizes=\"(max-width: 370px) 100vw, 370px\" \/>\t\t\t\t\t\t\t\t\t\t\t\t\t\t\t<\/div>\n\t\t\t\t\t<\/div>\n\t\t<\/div>\n\t\t\t\t\t<\/div>\n\t\t<\/section>\n\t\t\t\t\t<\/div>\n\t\t<\/div>\n\t\t\t\t\t<\/div>\n\t\t<\/section>\n\t\t\t\t<\/div>\n\t\t","protected":false},"excerpt":{"rendered":"<p>Araz Cafe Tarihi mola noktas\u0131 Araz Cafe Zengin \u0130\u00e7ecek Men\u00fcs\u00fc K\u00f6\u015femizde sizi bekleyen taze demlenmi\u015f kahveler, ev yap\u0131m\u0131 tatl\u0131lar ve s\u0131cac\u0131k bir atmosfer. G\u00fcn\u00fcn yorgunlu\u011funu atmak, dostlarla keyifli sohbetler etmek ya da yaln\u0131zca kendinize bir mola vermek i\u00e7in do\u011fru adrestesiniz.\u00a0 \u00c7al\u0131\u015fma Saatleri Hafta i\u00e7i : 08:30 &#8211; 23:00 Hafta Sonu : 10:00 &#8211; 23:00 Fiyat &#8230;<\/p>\n","protected":false},"author":1,"featured_media":0,"parent":0,"menu_order":0,"comment_status":"closed","ping_status":"closed","template":"template-wide-content.php","meta":{"cozystay_single_page_hide_site_header":"","cozystay_single_page_site_header_source":"","cozystay_single_page_custom_site_header":"0","cozystay_single_page_custom_sticky_site_header":"0","cozystay_single_page_hide_page_title":"on","cozystay_single_page_header_section_size":"","cozystay_single_page_header_background_color":"","cozystay_single_page_header_background_position_x":"center","cozystay_single_page_header_background_position_y":"center","cozystay_single_page_header_background_size":"cover","cozystay_single_page_header_background_repeat":"off","cozystay_single_page_header_background_scroll":"on","cozystay_single_page_header_text_color":"","cozystay_single_page_header_show_breadcrumb":"","cozystay_single_page_site_footer_hide_main":"","cozystay_single_custom_site_footer_main_source":"","cozystay_single_custom_site_footer_main":"0","cozystay_single_page_site_footer_hide_above":"","cozystay_single_custom_site_footer_above_source":"","cozystay_single_custom_site_footer_above":"0","cozystay_single_page_site_footer_hide_instagram":"","cozystay_single_page_site_footer_hide_bottom":"","cozystay_single_custom_mobile_menu_source":"","cozystay_single_custom_mobile_menu":"0","cozystay_single_custom_mobile_menu_animation":"","cozystay_single_custom_mobile_menu_width":"","cozystay_single_custom_mobile_menu_custom_width":375,"footnotes":""},"class_list":["post-212","page","type-page","status-publish","hentry"],"_links":{"self":[{"href":"https:\/\/arazotel.com.tr\/index.php\/wp-json\/wp\/v2\/pages\/212","targetHints":{"allow":["GET"]}}],"collection":[{"href":"https:\/\/arazotel.com.tr\/index.php\/wp-json\/wp\/v2\/pages"}],"about":[{"href":"https:\/\/arazotel.com.tr\/index.php\/wp-json\/wp\/v2\/types\/page"}],"author":[{"embeddable":true,"href":"https:\/\/arazotel.com.tr\/index.php\/wp-json\/wp\/v2\/users\/1"}],"replies":[{"embeddable":true,"href":"https:\/\/arazotel.com.tr\/index.php\/wp-json\/wp\/v2\/comments?post=212"}],"version-history":[{"count":26,"href":"https:\/\/arazotel.com.tr\/index.php\/wp-json\/wp\/v2\/pages\/212\/revisions"}],"predecessor-version":[{"id":2203,"href":"https:\/\/arazotel.com.tr\/index.php\/wp-json\/wp\/v2\/pages\/212\/revisions\/2203"}],"wp:attachment":[{"href":"https:\/\/arazotel.com.tr\/index.php\/wp-json\/wp\/v2\/media?parent=212"}],"curies":[{"name":"wp","href":"https:\/\/api.w.org\/{rel}","templated":true}]}}