{"id":239,"date":"2023-03-25T04:01:49","date_gmt":"2023-03-25T04:01:49","guid":{"rendered":"https:\/\/cozystay.loftocean.com\/mountain-chalet\/?page_id=239"},"modified":"2025-04-10T15:10:10","modified_gmt":"2025-04-10T12:10:10","slug":"gezi_rotasi","status":"publish","type":"page","link":"https:\/\/arazotel.com.tr\/index.php\/gezi_rotasi\/","title":{"rendered":"Gezi Rotas\u0131"},"content":{"rendered":"\t\t<div data-elementor-type=\"wp-page\" data-elementor-id=\"239\" class=\"elementor elementor-239\">\n\t\t\t\t\t\t<section class=\"elementor-section elementor-top-section elementor-element elementor-element-c4ee7c5 elementor-section-boxed elementor-section-height-default elementor-section-height-default\" data-id=\"c4ee7c5\" data-element_type=\"section\" data-e-type=\"section\" data-settings=\"{&quot;background_background&quot;:&quot;classic&quot;}\">\n\t\t\t\t\t\t<div class=\"elementor-container elementor-column-gap-no\">\n\t\t\t\t\t<div class=\"elementor-column elementor-col-100 elementor-top-column elementor-element elementor-element-231d818\" data-id=\"231d818\" data-element_type=\"column\" data-e-type=\"column\">\n\t\t\t<div class=\"elementor-widget-wrap elementor-element-populated\">\n\t\t\t\t\t\t<div class=\"elementor-element elementor-element-addb549 elementor-widget elementor-widget-cs_title\" data-id=\"addb549\" data-element_type=\"widget\" data-e-type=\"widget\" data-widget_type=\"cs_title.default\">\n\t\t\t\t<div class=\"elementor-widget-container\">\n\t\t\t\t\t\n        <div class=\"cs-title-wrap text-center\">\t            <h4 class=\"cs-title\">\n\t                Mudanya \u0130l\u00e7esi Gezi Rehberi\t            <\/h4>        <\/div>\t\t\t\t<\/div>\n\t\t\t\t<\/div>\n\t\t\t\t\t<\/div>\n\t\t<\/div>\n\t\t\t\t\t<\/div>\n\t\t<\/section>\n\t\t\t\t<section class=\"elementor-section elementor-top-section elementor-element elementor-element-6214bb5 elementor-section-boxed elementor-section-height-default elementor-section-height-default\" data-id=\"6214bb5\" data-element_type=\"section\" data-e-type=\"section\">\n\t\t\t\t\t\t<div class=\"elementor-container elementor-column-gap-no\">\n\t\t\t\t\t<div class=\"elementor-column elementor-col-33 elementor-top-column elementor-element elementor-element-49d4829\" data-id=\"49d4829\" data-element_type=\"column\" data-e-type=\"column\">\n\t\t\t<div class=\"elementor-widget-wrap elementor-element-populated\">\n\t\t\t\t\t\t<div class=\"elementor-element elementor-element-a2bc031 cs-animation-small-offset elementor-invisible elementor-widget elementor-widget-cs_fancy_card\" data-id=\"a2bc031\" data-element_type=\"widget\" data-e-type=\"widget\" data-settings=\"{&quot;_animation&quot;:&quot;fadeInDown&quot;,&quot;_animation_delay&quot;:200}\" data-widget_type=\"cs_fancy_card.default\">\n\t\t\t\t<div class=\"elementor-widget-container\">\n\t\t\t\t\t\n\t\t<div class=\"cs-fancy-card style-2 text-center cs-hover-img-zoom\">\n            <div class=\"cs-fc-wrap\">\t                <a class=\"cs-fc-link\" href=\"https:\/\/arazotel.com.tr\/index.php\/gezi_mudanya\/\"><\/a>\t               \t<div class=\"cs-fc-img\">\n\t                    <img fetchpriority=\"high\" decoding=\"async\" width=\"550\" height=\"825\" src=\"https:\/\/arazotel.com.tr\/wp-content\/uploads\/2025\/04\/a8-1-550x825.webp\" class=\"attachment-cozystay_550x9999 size-cozystay_550x9999 wp-image-2930\" alt=\"\" srcset=\"https:\/\/arazotel.com.tr\/wp-content\/uploads\/2025\/04\/a8-1-550x825.webp 550w, https:\/\/arazotel.com.tr\/wp-content\/uploads\/2025\/04\/a8-1-200x300.webp 200w, https:\/\/arazotel.com.tr\/wp-content\/uploads\/2025\/04\/a8-1-683x1024.webp 683w, https:\/\/arazotel.com.tr\/wp-content\/uploads\/2025\/04\/a8-1-600x900.webp 600w, https:\/\/arazotel.com.tr\/wp-content\/uploads\/2025\/04\/a8-1-370x555.webp 370w, https:\/\/arazotel.com.tr\/wp-content\/uploads\/2025\/04\/a8-1-255x383.webp 255w, https:\/\/arazotel.com.tr\/wp-content\/uploads\/2025\/04\/a8-1.webp 768w\" sizes=\"(max-width: 550px) 100vw, 550px\" \/>\t                <\/div>\n                <div class=\"cs-fc-content\">\t\t\t            <h6 class=\"cs-fc-title cs-title\">\n\t\t\t                Mudanya\t\t\t            <\/h6>\t\t\t\t<\/div>\n            <\/div>\n        <\/div>\t\t\t\t<\/div>\n\t\t\t\t<\/div>\n\t\t\t\t\t<\/div>\n\t\t<\/div>\n\t\t\t\t<div class=\"elementor-column elementor-col-33 elementor-top-column elementor-element elementor-element-f4d2aa3\" data-id=\"f4d2aa3\" data-element_type=\"column\" data-e-type=\"column\">\n\t\t\t<div class=\"elementor-widget-wrap elementor-element-populated\">\n\t\t\t\t\t\t<div class=\"elementor-element elementor-element-9e996f9 cs-animation-small-offset elementor-invisible elementor-widget elementor-widget-cs_fancy_card\" data-id=\"9e996f9\" data-element_type=\"widget\" data-e-type=\"widget\" data-settings=\"{&quot;_animation&quot;:&quot;fadeInUp&quot;,&quot;_animation_delay&quot;:200}\" data-widget_type=\"cs_fancy_card.default\">\n\t\t\t\t<div class=\"elementor-widget-container\">\n\t\t\t\t\t\n\t\t<div class=\"cs-fancy-card style-2 text-center cs-hover-img-zoom\">\n            <div class=\"cs-fc-wrap\">\t                <a class=\"cs-fc-link\" href=\"https:\/\/arazotel.com.tr\/index.php\/gezi_trilye\/\"><\/a>\t               \t<div class=\"cs-fc-img\">\n\t                    <img decoding=\"async\" width=\"400\" height=\"600\" src=\"https:\/\/arazotel.com.tr\/wp-content\/uploads\/2025\/03\/022.webp\" class=\"attachment-cozystay_550x9999 size-cozystay_550x9999 wp-image-2641\" alt=\"\" srcset=\"https:\/\/arazotel.com.tr\/wp-content\/uploads\/2025\/03\/022.webp 400w, https:\/\/arazotel.com.tr\/wp-content\/uploads\/2025\/03\/022-200x300.webp 200w, https:\/\/arazotel.com.tr\/wp-content\/uploads\/2025\/03\/022-370x555.webp 370w, https:\/\/arazotel.com.tr\/wp-content\/uploads\/2025\/03\/022-255x383.webp 255w\" sizes=\"(max-width: 400px) 100vw, 400px\" \/>\t                <\/div>\n                <div class=\"cs-fc-content\">\t\t\t            <h6 class=\"cs-fc-title cs-title\">\n\t\t\t                Trilye\t\t\t            <\/h6>\t\t\t\t<\/div>\n            <\/div>\n        <\/div>\t\t\t\t<\/div>\n\t\t\t\t<\/div>\n\t\t\t\t\t<\/div>\n\t\t<\/div>\n\t\t\t\t<div class=\"elementor-column elementor-col-33 elementor-top-column elementor-element elementor-element-9504c5f\" data-id=\"9504c5f\" data-element_type=\"column\" data-e-type=\"column\">\n\t\t\t<div class=\"elementor-widget-wrap elementor-element-populated\">\n\t\t\t\t\t\t<div class=\"elementor-element elementor-element-78c94ee cs-animation-small-offset elementor-invisible elementor-widget elementor-widget-cs_fancy_card\" data-id=\"78c94ee\" data-element_type=\"widget\" data-e-type=\"widget\" data-settings=\"{&quot;_animation&quot;:&quot;fadeInDown&quot;,&quot;_animation_delay&quot;:200}\" data-widget_type=\"cs_fancy_card.default\">\n\t\t\t\t<div class=\"elementor-widget-container\">\n\t\t\t\t\t\n\t\t<div class=\"cs-fancy-card style-2 text-center cs-hover-img-zoom\">\n            <div class=\"cs-fc-wrap\">\t                <a class=\"cs-fc-link\" href=\"https:\/\/arazotel.com.tr\/index.php\/konum\/\"><\/a>\t               \t<div class=\"cs-fc-img\">\n\t                    <img decoding=\"async\" width=\"550\" height=\"825\" src=\"https:\/\/arazotel.com.tr\/wp-content\/uploads\/2025\/03\/02-2-1-550x825.webp\" class=\"attachment-cozystay_550x9999 size-cozystay_550x9999 wp-image-2626\" alt=\"\" srcset=\"https:\/\/arazotel.com.tr\/wp-content\/uploads\/2025\/03\/02-2-1-550x825.webp 550w, https:\/\/arazotel.com.tr\/wp-content\/uploads\/2025\/03\/02-2-1-200x300.webp 200w, https:\/\/arazotel.com.tr\/wp-content\/uploads\/2025\/03\/02-2-1-683x1024.webp 683w, https:\/\/arazotel.com.tr\/wp-content\/uploads\/2025\/03\/02-2-1-600x900.webp 600w, https:\/\/arazotel.com.tr\/wp-content\/uploads\/2025\/03\/02-2-1-370x555.webp 370w, https:\/\/arazotel.com.tr\/wp-content\/uploads\/2025\/03\/02-2-1-255x383.webp 255w, https:\/\/arazotel.com.tr\/wp-content\/uploads\/2025\/03\/02-2-1.webp 768w\" sizes=\"(max-width: 550px) 100vw, 550px\" \/>\t                <\/div>\n                <div class=\"cs-fc-content\">\t\t\t            <h6 class=\"cs-fc-title cs-title\">\n\t\t\t                G\u00fcn\u00fc Birlik\t\t\t            <\/h6>\t\t\t\t<\/div>\n            <\/div>\n        <\/div>\t\t\t\t<\/div>\n\t\t\t\t<\/div>\n\t\t\t\t\t<\/div>\n\t\t<\/div>\n\t\t\t\t\t<\/div>\n\t\t<\/section>\n\t\t\t\t<\/div>\n\t\t","protected":false},"excerpt":{"rendered":"<p>Mudanya \u0130l\u00e7esi Gezi Rehberi Mudanya Trilye G\u00fcn\u00fc Birlik<\/p>\n","protected":false},"author":1,"featured_media":0,"parent":0,"menu_order":0,"comment_status":"closed","ping_status":"closed","template":"template-wide-content.php","meta":{"cozystay_single_page_hide_site_header":"","cozystay_single_page_site_header_source":"","cozystay_single_page_custom_site_header":"0","cozystay_single_page_custom_sticky_site_header":"0","cozystay_single_page_hide_page_title":"on","cozystay_single_page_header_section_size":"","cozystay_single_page_header_background_color":"","cozystay_single_page_header_background_position_x":"center","cozystay_single_page_header_background_position_y":"center","cozystay_single_page_header_background_size":"cover","cozystay_single_page_header_background_repeat":"off","cozystay_single_page_header_background_scroll":"on","cozystay_single_page_header_text_color":"","cozystay_single_page_header_show_breadcrumb":"","cozystay_single_page_site_footer_hide_main":"","cozystay_single_custom_site_footer_main_source":"","cozystay_single_custom_site_footer_main":"0","cozystay_single_page_site_footer_hide_above":"","cozystay_single_custom_site_footer_above_source":"","cozystay_single_custom_site_footer_above":"0","cozystay_single_page_site_footer_hide_instagram":"","cozystay_single_page_site_footer_hide_bottom":"","cozystay_single_custom_mobile_menu_source":"","cozystay_single_custom_mobile_menu":"0","cozystay_single_custom_mobile_menu_animation":"","cozystay_single_custom_mobile_menu_width":"","cozystay_single_custom_mobile_menu_custom_width":375,"footnotes":""},"class_list":["post-239","page","type-page","status-publish","hentry"],"_links":{"self":[{"href":"https:\/\/arazotel.com.tr\/index.php\/wp-json\/wp\/v2\/pages\/239","targetHints":{"allow":["GET"]}}],"collection":[{"href":"https:\/\/arazotel.com.tr\/index.php\/wp-json\/wp\/v2\/pages"}],"about":[{"href":"https:\/\/arazotel.com.tr\/index.php\/wp-json\/wp\/v2\/types\/page"}],"author":[{"embeddable":true,"href":"https:\/\/arazotel.com.tr\/index.php\/wp-json\/wp\/v2\/users\/1"}],"replies":[{"embeddable":true,"href":"https:\/\/arazotel.com.tr\/index.php\/wp-json\/wp\/v2\/comments?post=239"}],"version-history":[{"count":18,"href":"https:\/\/arazotel.com.tr\/index.php\/wp-json\/wp\/v2\/pages\/239\/revisions"}],"predecessor-version":[{"id":3833,"href":"https:\/\/arazotel.com.tr\/index.php\/wp-json\/wp\/v2\/pages\/239\/revisions\/3833"}],"wp:attachment":[{"href":"https:\/\/arazotel.com.tr\/index.php\/wp-json\/wp\/v2\/media?parent=239"}],"curies":[{"name":"wp","href":"https:\/\/api.w.org\/{rel}","templated":true}]}}