{"id":69,"date":"2023-03-24T06:54:08","date_gmt":"2023-03-24T06:54:08","guid":{"rendered":"https:\/\/cozystay.loftocean.com\/mountain-chalet\/?page_id=69"},"modified":"2025-05-30T01:55:58","modified_gmt":"2025-05-29T22:55:58","slug":"anket","status":"publish","type":"page","link":"https:\/\/arazotel.com.tr\/index.php\/anket\/","title":{"rendered":"Anket"},"content":{"rendered":"\t\t<div data-elementor-type=\"wp-page\" data-elementor-id=\"69\" class=\"elementor elementor-69\">\n\t\t\t\t<div class=\"elementor-element elementor-element-dac0a20 e-flex e-con-boxed e-con e-parent\" data-id=\"dac0a20\" data-element_type=\"container\" data-e-type=\"container\">\n\t\t\t\t\t<div class=\"e-con-inner\">\n\t\t\t\t<div class=\"elementor-element elementor-element-57840fc elementor-widget elementor-widget-cs_title\" data-id=\"57840fc\" data-element_type=\"widget\" data-e-type=\"widget\" data-widget_type=\"cs_title.default\">\n\t\t\t\t<div class=\"elementor-widget-container\">\n\t\t\t\t\t\n        <div class=\"cs-title-wrap text-center\">\t            <h4 class=\"cs-title\">\n\t                White House Misafir Memnuniyeti ve \u00c7evre Dostu Uygulamalar Anketi\n\t            <\/h4>\t            <div class=\"cs-title-text\">\n\t                <p>[ays_survey id=&#8217;2&#8242;]<\/p>\t            <\/div>        <\/div>\t\t\t\t<\/div>\n\t\t\t\t<\/div>\n\t\t\t\t\t<\/div>\n\t\t\t\t<\/div>\n\t\t\t\t<\/div>\n\t\t","protected":false},"excerpt":{"rendered":"<p>White House Misafir Memnuniyeti ve \u00c7evre Dostu Uygulamalar Anketi You&#039;re in the preview mode. Note: All elements work correctly on the front end. White House &#8216;da konaklaman\u0131zdan genel olarak memnun kald\u0131n\u0131z m\u0131?* EvetHay\u0131tFikrim Yok Odalar\u0131m\u0131z\u0131n temizli\u011fi beklentilerinizi kar\u015f\u0131lad\u0131 m\u0131?* EvetHay\u0131rFikrim Yok \u00c7al\u0131\u015fanlar\u0131m\u0131z\u0131n ilgi ve yard\u0131mseverli\u011finden memnun kald\u0131n\u0131z m\u0131?* EvetHay\u0131rFikrim Yok S\u00fcrd\u00fcr\u00fclebilirlik politikalar\u0131m\u0131z\u0131 inceleme f\u0131rsat\u0131n\u0131z oldu &#8230;<\/p>\n","protected":false},"author":1,"featured_media":0,"parent":0,"menu_order":0,"comment_status":"closed","ping_status":"closed","template":"template-wide-content.php","meta":{"cozystay_single_page_hide_site_header":"","cozystay_single_page_site_header_source":"","cozystay_single_page_custom_site_header":"0","cozystay_single_page_custom_sticky_site_header":"0","cozystay_single_page_hide_page_title":"on","cozystay_single_page_header_section_size":"","cozystay_single_page_header_background_color":"","cozystay_single_page_header_background_position_x":"center","cozystay_single_page_header_background_position_y":"center","cozystay_single_page_header_background_size":"cover","cozystay_single_page_header_background_repeat":"off","cozystay_single_page_header_background_scroll":"on","cozystay_single_page_header_text_color":"","cozystay_single_page_header_show_breadcrumb":"","cozystay_single_page_site_footer_hide_main":"","cozystay_single_custom_site_footer_main_source":"","cozystay_single_custom_site_footer_main":"0","cozystay_single_page_site_footer_hide_above":"","cozystay_single_custom_site_footer_above_source":"","cozystay_single_custom_site_footer_above":"0","cozystay_single_page_site_footer_hide_instagram":"","cozystay_single_page_site_footer_hide_bottom":"","cozystay_single_custom_mobile_menu_source":"","cozystay_single_custom_mobile_menu":"0","cozystay_single_custom_mobile_menu_animation":"","cozystay_single_custom_mobile_menu_width":"","cozystay_single_custom_mobile_menu_custom_width":375,"footnotes":""},"class_list":["post-69","page","type-page","status-publish","hentry"],"_links":{"self":[{"href":"https:\/\/arazotel.com.tr\/index.php\/wp-json\/wp\/v2\/pages\/69","targetHints":{"allow":["GET"]}}],"collection":[{"href":"https:\/\/arazotel.com.tr\/index.php\/wp-json\/wp\/v2\/pages"}],"about":[{"href":"https:\/\/arazotel.com.tr\/index.php\/wp-json\/wp\/v2\/types\/page"}],"author":[{"embeddable":true,"href":"https:\/\/arazotel.com.tr\/index.php\/wp-json\/wp\/v2\/users\/1"}],"replies":[{"embeddable":true,"href":"https:\/\/arazotel.com.tr\/index.php\/wp-json\/wp\/v2\/comments?post=69"}],"version-history":[{"count":5,"href":"https:\/\/arazotel.com.tr\/index.php\/wp-json\/wp\/v2\/pages\/69\/revisions"}],"predecessor-version":[{"id":3012,"href":"https:\/\/arazotel.com.tr\/index.php\/wp-json\/wp\/v2\/pages\/69\/revisions\/3012"}],"wp:attachment":[{"href":"https:\/\/arazotel.com.tr\/index.php\/wp-json\/wp\/v2\/media?parent=69"}],"curies":[{"name":"wp","href":"https:\/\/api.w.org\/{rel}","templated":true}]}}