{"id":954,"date":"2023-05-19T03:47:23","date_gmt":"2023-05-19T03:47:23","guid":{"rendered":"https:\/\/cozystay.loftocean.com\/mountain-chalet\/?page_id=954"},"modified":"2025-03-25T01:38:58","modified_gmt":"2025-03-24T22:38:58","slug":"hakkimizda","status":"publish","type":"page","link":"https:\/\/arazotel.com.tr\/index.php\/hakkimizda\/","title":{"rendered":"Hakk\u0131m\u0131zda"},"content":{"rendered":"\t\t<div data-elementor-type=\"wp-page\" data-elementor-id=\"954\" class=\"elementor elementor-954\">\n\t\t\t\t\t\t<section class=\"elementor-section elementor-top-section elementor-element elementor-element-c90a5bd elementor-section-height-min-height cs-section-content-fullwidth cs-parallax-on-scroll cs_scroll_y_120 elementor-section-boxed elementor-section-height-default elementor-section-items-middle\" data-id=\"c90a5bd\" data-element_type=\"section\" data-e-type=\"section\" data-settings=\"{&quot;background_background&quot;:&quot;classic&quot;}\" data-cs-parallax-y=\"120\" style=\"background-image: none;\" data-cs-background-image=\"https:\/\/arazotel.com.tr\/wp-content\/uploads\/2025\/03\/img.jpg\">\n\t\t\t\t\t\t\t<div class=\"elementor-background-overlay\"><\/div>\n\t\t\t\t\t\t\t<div class=\"elementor-container elementor-column-gap-no\">\n\t\t\t\t\t<div class=\"elementor-column elementor-col-100 elementor-top-column elementor-element elementor-element-7d889b7 dark-color\" data-id=\"7d889b7\" data-element_type=\"column\" data-e-type=\"column\">\n\t\t\t<div class=\"elementor-widget-wrap elementor-element-populated\">\n\t\t\t\t\t\t<div class=\"elementor-element elementor-element-57ca99f elementor-widget elementor-widget-cs_title\" data-id=\"57ca99f\" data-element_type=\"widget\" data-e-type=\"widget\" data-widget_type=\"cs_title.default\">\n\t\t\t\t<div class=\"elementor-widget-container\">\n\t\t\t\t\t\n        <div class=\"cs-title-wrap text-center\">\t            <h1 class=\"cs-title\">\n\t                Hakk\u0131m\u0131zda\t            <\/h1>        <\/div>\t\t\t\t<\/div>\n\t\t\t\t<\/div>\n\t\t\t\t\t<\/div>\n\t\t<\/div>\n\t\t\t\t\t<\/div>\n\t\t<\/section>\n\t\t\t\t<section class=\"elementor-section elementor-top-section elementor-element elementor-element-bdd7054 elementor-section-boxed elementor-section-height-default elementor-section-height-default\" data-id=\"bdd7054\" data-element_type=\"section\" data-e-type=\"section\">\n\t\t\t\t\t\t<div class=\"elementor-container elementor-column-gap-no\">\n\t\t\t\t\t<div class=\"elementor-column elementor-col-100 elementor-top-column elementor-element elementor-element-f24e1a1\" data-id=\"f24e1a1\" data-element_type=\"column\" data-e-type=\"column\">\n\t\t\t<div class=\"elementor-widget-wrap elementor-element-populated\">\n\t\t\t\t\t\t<div class=\"elementor-element elementor-element-95ac6fd elementor-widget elementor-widget-cs_title\" data-id=\"95ac6fd\" data-element_type=\"widget\" data-e-type=\"widget\" data-widget_type=\"cs_title.default\">\n\t\t\t\t<div class=\"elementor-widget-container\">\n\t\t\t\t\t\n        <div class=\"cs-title-wrap text-center\">\t            <h4 class=\"cs-title\">\n\t                Konfor ve G\u00fcvenin 30 Y\u0131ll\u0131k Hikayesi\n\n\t            <\/h4>\t            <div class=\"cs-title-text\">\n\t                <p>30 y\u0131l \u00f6nce, misafirlerimize s\u0131cak bir yuva hissi ya\u015fatmak amac\u0131yla yola \u00e7\u0131kt\u0131k. Apart otelimiz ile \u00e7\u0131kt\u0131\u011f\u0131m\u0131z yolculu\u011fumuz, y\u0131llard\u0131r kazand\u0131\u011f\u0131 tecr\u00fcbe ve misafir memnuniyeti odakl\u0131 hizmet anlay\u0131\u015f\u0131yla sekt\u00f6rde k\u00f6kl\u00fc bir yer edinmi\u015ftir.<\/p><p>Aile s\u0131cakl\u0131\u011f\u0131n\u0131 ve otel konforunu bir araya getiren bir anlay\u0131\u015fla,\u00a0<strong>konforlu dairelerimizde<\/strong>\u00a0kendinizi evinizde gibi hissedeceksiniz. Misafirlerimizin ihtiya\u00e7lar\u0131n\u0131 \u00f6n planda tutarak, geni\u015f, modern ve her t\u00fcrl\u00fc ihtiyac\u0131n\u0131za cevap verebilecek \u015fekilde tasarlanm\u0131\u015f apartlar\u0131m\u0131zla unutulmaz bir konaklama deneyimi sunuyoruz.<\/p>\t            <\/div>        <\/div>\t\t\t\t<\/div>\n\t\t\t\t<\/div>\n\t\t\t\t<div class=\"elementor-element elementor-element-b6a4684 cs-animation-small-offset elementor-invisible elementor-widget elementor-widget-cs_gallery\" data-id=\"b6a4684\" data-element_type=\"widget\" data-e-type=\"widget\" data-settings=\"{&quot;_animation&quot;:&quot;fadeInUp&quot;,&quot;_animation_delay&quot;:200}\" data-widget_type=\"cs_gallery.default\">\n\t\t\t\t<div class=\"elementor-widget-container\">\n\t\t\t\t\t\n            <div class=\"cs-gallery gap-5 gallery-grid grid-col-3\">\n                <div class=\"cs-gallery-wrap\">                    <div class=\"cs-gallery-item\"><img fetchpriority=\"high\" decoding=\"async\" width=\"550\" height=\"413\" src=\"https:\/\/arazotel.com.tr\/wp-content\/uploads\/2025\/03\/00-1-550x413.webp\" class=\"attachment-cozystay_550x9999 size-cozystay_550x9999 wp-image-2439\" alt=\"\" srcset=\"https:\/\/arazotel.com.tr\/wp-content\/uploads\/2025\/03\/00-1-550x413.webp 550w, https:\/\/arazotel.com.tr\/wp-content\/uploads\/2025\/03\/00-1-300x225.webp 300w, https:\/\/arazotel.com.tr\/wp-content\/uploads\/2025\/03\/00-1-370x278.webp 370w, https:\/\/arazotel.com.tr\/wp-content\/uploads\/2025\/03\/00-1-255x191.webp 255w, https:\/\/arazotel.com.tr\/wp-content\/uploads\/2025\/03\/00-1.webp 600w\" sizes=\"(max-width: 550px) 100vw, 550px\" \/>                    <\/div>                    <div class=\"cs-gallery-item\"><img decoding=\"async\" width=\"550\" height=\"413\" src=\"https:\/\/arazotel.com.tr\/wp-content\/uploads\/2025\/03\/01-3-550x413.webp\" class=\"attachment-cozystay_550x9999 size-cozystay_550x9999 wp-image-2437\" alt=\"\" srcset=\"https:\/\/arazotel.com.tr\/wp-content\/uploads\/2025\/03\/01-3-550x413.webp 550w, https:\/\/arazotel.com.tr\/wp-content\/uploads\/2025\/03\/01-3-300x225.webp 300w, https:\/\/arazotel.com.tr\/wp-content\/uploads\/2025\/03\/01-3-370x278.webp 370w, https:\/\/arazotel.com.tr\/wp-content\/uploads\/2025\/03\/01-3-255x191.webp 255w, https:\/\/arazotel.com.tr\/wp-content\/uploads\/2025\/03\/01-3.webp 600w\" sizes=\"(max-width: 550px) 100vw, 550px\" \/>                    <\/div>                    <div class=\"cs-gallery-item\"><img decoding=\"async\" width=\"550\" height=\"413\" src=\"https:\/\/arazotel.com.tr\/wp-content\/uploads\/2025\/03\/a1-1-550x413.webp\" class=\"attachment-cozystay_550x9999 size-cozystay_550x9999 wp-image-2615\" alt=\"\" srcset=\"https:\/\/arazotel.com.tr\/wp-content\/uploads\/2025\/03\/a1-1-550x413.webp 550w, https:\/\/arazotel.com.tr\/wp-content\/uploads\/2025\/03\/a1-1-300x225.webp 300w, https:\/\/arazotel.com.tr\/wp-content\/uploads\/2025\/03\/a1-1-370x278.webp 370w, https:\/\/arazotel.com.tr\/wp-content\/uploads\/2025\/03\/a1-1-255x191.webp 255w, https:\/\/arazotel.com.tr\/wp-content\/uploads\/2025\/03\/a1-1.webp 600w\" sizes=\"(max-width: 550px) 100vw, 550px\" \/>                    <\/div>                <\/div>\n            <\/div>\t\t\t\t<\/div>\n\t\t\t\t<\/div>\n\t\t\t\t\t<\/div>\n\t\t<\/div>\n\t\t\t\t\t<\/div>\n\t\t<\/section>\n\t\t\t\t<\/div>\n\t\t","protected":false},"excerpt":{"rendered":"<p>Hakk\u0131m\u0131zda Konfor ve G\u00fcvenin 30 Y\u0131ll\u0131k Hikayesi 30 y\u0131l \u00f6nce, misafirlerimize s\u0131cak bir yuva hissi ya\u015fatmak amac\u0131yla yola \u00e7\u0131kt\u0131k. Apart otelimiz ile \u00e7\u0131kt\u0131\u011f\u0131m\u0131z yolculu\u011fumuz, y\u0131llard\u0131r kazand\u0131\u011f\u0131 tecr\u00fcbe ve misafir memnuniyeti odakl\u0131 hizmet anlay\u0131\u015f\u0131yla sekt\u00f6rde k\u00f6kl\u00fc bir yer edinmi\u015ftir. Aile s\u0131cakl\u0131\u011f\u0131n\u0131 ve otel konforunu bir araya getiren bir anlay\u0131\u015fla,\u00a0konforlu dairelerimizde\u00a0kendinizi evinizde gibi hissedeceksiniz. Misafirlerimizin ihtiya\u00e7lar\u0131n\u0131 \u00f6n &#8230;<\/p>\n","protected":false},"author":1,"featured_media":0,"parent":0,"menu_order":0,"comment_status":"closed","ping_status":"closed","template":"template-wide-content.php","meta":{"cozystay_single_page_hide_site_header":"","cozystay_single_page_site_header_source":"","cozystay_single_page_custom_site_header":"0","cozystay_single_page_custom_sticky_site_header":"0","cozystay_single_page_hide_page_title":"on","cozystay_single_page_header_section_size":"","cozystay_single_page_header_background_color":"","cozystay_single_page_header_background_position_x":"center","cozystay_single_page_header_background_position_y":"center","cozystay_single_page_header_background_size":"cover","cozystay_single_page_header_background_repeat":"off","cozystay_single_page_header_background_scroll":"on","cozystay_single_page_header_text_color":"","cozystay_single_page_header_show_breadcrumb":"","cozystay_single_page_site_footer_hide_main":"","cozystay_single_custom_site_footer_main_source":"","cozystay_single_custom_site_footer_main":"0","cozystay_single_page_site_footer_hide_above":"","cozystay_single_custom_site_footer_above_source":"","cozystay_single_custom_site_footer_above":"0","cozystay_single_page_site_footer_hide_instagram":"","cozystay_single_page_site_footer_hide_bottom":"","cozystay_single_custom_mobile_menu_source":"","cozystay_single_custom_mobile_menu":"0","cozystay_single_custom_mobile_menu_animation":"","cozystay_single_custom_mobile_menu_width":"","cozystay_single_custom_mobile_menu_custom_width":375,"footnotes":""},"class_list":["post-954","page","type-page","status-publish","hentry"],"_links":{"self":[{"href":"https:\/\/arazotel.com.tr\/index.php\/wp-json\/wp\/v2\/pages\/954","targetHints":{"allow":["GET"]}}],"collection":[{"href":"https:\/\/arazotel.com.tr\/index.php\/wp-json\/wp\/v2\/pages"}],"about":[{"href":"https:\/\/arazotel.com.tr\/index.php\/wp-json\/wp\/v2\/types\/page"}],"author":[{"embeddable":true,"href":"https:\/\/arazotel.com.tr\/index.php\/wp-json\/wp\/v2\/users\/1"}],"replies":[{"embeddable":true,"href":"https:\/\/arazotel.com.tr\/index.php\/wp-json\/wp\/v2\/comments?post=954"}],"version-history":[{"count":23,"href":"https:\/\/arazotel.com.tr\/index.php\/wp-json\/wp\/v2\/pages\/954\/revisions"}],"predecessor-version":[{"id":2618,"href":"https:\/\/arazotel.com.tr\/index.php\/wp-json\/wp\/v2\/pages\/954\/revisions\/2618"}],"wp:attachment":[{"href":"https:\/\/arazotel.com.tr\/index.php\/wp-json\/wp\/v2\/media?parent=954"}],"curies":[{"name":"wp","href":"https:\/\/api.w.org\/{rel}","templated":true}]}}